{"id":337,"date":"2025-01-20T21:54:17","date_gmt":"2025-01-20T20:54:17","guid":{"rendered":"https:\/\/staging.drszentklaray.hu\/?page_id=337"},"modified":"2026-03-19T13:06:03","modified_gmt":"2026-03-19T12:06:03","slug":"dr-jilling-szilard-ferenc","status":"publish","type":"page","link":"https:\/\/drszentklaray.hu\/en\/dr-jilling-szilard-ferenc\/","title":{"rendered":"Dr. Jilling Szil\u00e1rd Ferenc"},"content":{"rendered":"<div data-elementor-type=\"wp-page\" data-elementor-id=\"337\" class=\"elementor elementor-337\" data-elementor-post-type=\"page\">\n\t\t\t\t<div class=\"elementor-element elementor-element-4e99d0f e-flex e-con-boxed e-con e-parent\" data-id=\"4e99d0f\" data-element_type=\"container\" data-e-type=\"container\">\n\t\t\t\t\t<div class=\"e-con-inner\">\n\t\t<div class=\"elementor-element elementor-element-9426c91 e-con-full e-flex e-con e-child\" data-id=\"9426c91\" data-element_type=\"container\" data-e-type=\"container\">\n\t\t\t\t<div class=\"elementor-element elementor-element-c59c76e elementor-widget elementor-widget-image\" data-id=\"c59c76e\" data-element_type=\"widget\" data-e-type=\"widget\" data-widget_type=\"image.default\">\n\t\t\t\t<div class=\"elementor-widget-container\">\n\t\t\t\t\t\t\t\t\t\t\t\t\t\t\t<img fetchpriority=\"high\" decoding=\"async\" width=\"800\" height=\"937\" src=\"https:\/\/drszentklaray.hu\/wp-content\/uploads\/2026\/02\/dr-jilling-szilard-ferenc-874x1024.jpg\" class=\"attachment-large size-large wp-image-1276\" alt=\"Dr. Jilling Szil\u00e1rd Ferenc \u00dcgyv\u00e9d\" srcset=\"https:\/\/drszentklaray.hu\/wp-content\/uploads\/2026\/02\/dr-jilling-szilard-ferenc-874x1024.jpg 874w, https:\/\/drszentklaray.hu\/wp-content\/uploads\/2026\/02\/dr-jilling-szilard-ferenc-256x300.jpg 256w, https:\/\/drszentklaray.hu\/wp-content\/uploads\/2026\/02\/dr-jilling-szilard-ferenc-768x900.jpg 768w, https:\/\/drszentklaray.hu\/wp-content\/uploads\/2026\/02\/dr-jilling-szilard-ferenc.jpg 1024w\" sizes=\"(max-width: 800px) 100vw, 800px\" \/>\t\t\t\t\t\t\t\t\t\t\t\t\t\t\t<\/div>\n\t\t\t\t<\/div>\n\t\t\t\t<\/div>\n\t\t<div class=\"elementor-element elementor-element-a53a6b8 e-con-full e-flex e-con e-child\" data-id=\"a53a6b8\" data-element_type=\"container\" data-e-type=\"container\">\n\t\t\t\t<div class=\"elementor-element elementor-element-354d99d elementor-widget elementor-widget-heading\" data-id=\"354d99d\" data-element_type=\"widget\" data-e-type=\"widget\" data-widget_type=\"heading.default\">\n\t\t\t\t<div class=\"elementor-widget-container\">\n\t\t\t\t\t<h2 class=\"elementor-heading-title elementor-size-default\">Dr. Jilling Szil\u00e1rd Ferenc LL.M<\/h2>\t\t\t\t<\/div>\n\t\t\t\t<\/div>\n\t\t\t\t<div class=\"elementor-element elementor-element-54f7650 elementor-widget elementor-widget-heading\" data-id=\"54f7650\" data-element_type=\"widget\" data-e-type=\"widget\" data-widget_type=\"heading.default\">\n\t\t\t\t<div class=\"elementor-widget-container\">\n\t\t\t\t\t<h2 class=\"elementor-heading-title elementor-size-default\">ATTORNEY-AT-LAW, MASTER OF TORT LAWS<\/h2>\t\t\t\t<\/div>\n\t\t\t\t<\/div>\n\t\t\t\t<div class=\"elementor-element elementor-element-10f4855 elementor-widget-divider--view-line elementor-widget elementor-widget-divider\" data-id=\"10f4855\" data-element_type=\"widget\" data-e-type=\"widget\" data-widget_type=\"divider.default\">\n\t\t\t\t<div class=\"elementor-widget-container\">\n\t\t\t\t\t\t\t<div class=\"elementor-divider\">\n\t\t\t<span class=\"elementor-divider-separator\">\n\t\t\t\t\t\t<\/span>\n\t\t<\/div>\n\t\t\t\t\t\t<\/div>\n\t\t\t\t<\/div>\n\t\t\t\t<div class=\"elementor-element elementor-element-4d4028d elementor-widget elementor-widget-text-editor\" data-id=\"4d4028d\" data-element_type=\"widget\" data-e-type=\"widget\" data-widget_type=\"text-editor.default\">\n\t\t\t\t<div class=\"elementor-widget-container\">\n\t\t\t\t\t\t\t\t\t<p>Dr. Jilling Szil\u00e1rd Ferenc Graduated from the Faculty of Law of the University of Debrecen in 2020 with \"cum laude\" honors. Main areas of interest include civil law, labor law, and the liability law of these fields.<\/p><p>Considers judicial practice in the light of liability law to be particularly important, a topic which also served as the basis for the thesis. Thanks to advanced English language skills, closely follows current issues of the European Union and international relations.<\/p><p>Obtained a specialist degree in compensation law in 2023; the title of the thesis was: EMPLOYER'S LIABILITY FOR WORKPLACE ACCIDENTS, WITH AN OUTLOOK ON STRICT LIABILITY FOR HAZARDOUS OPERATIONS.<\/p>\t\t\t\t\t\t\t\t<\/div>\n\t\t\t\t<\/div>\n\t\t<div class=\"elementor-element elementor-element-89678a4 e-con-full e-flex e-con e-child\" data-id=\"89678a4\" data-element_type=\"container\" data-e-type=\"container\">\n\t\t\t\t<div class=\"elementor-element elementor-element-90835d1 e-transform elementor-align-center elementor-widget elementor-widget-lottie\" data-id=\"90835d1\" data-element_type=\"widget\" data-e-type=\"widget\" data-settings=\"{&quot;source_json&quot;:{&quot;url&quot;:&quot;https:\\\/\\\/drszentklaray.hu\\\/wp-content\\\/uploads\\\/2025\\\/01\\\/gavel-lottie-1.json&quot;,&quot;id&quot;:297,&quot;size&quot;:&quot;&quot;,&quot;alt&quot;:&quot;&quot;,&quot;source&quot;:&quot;library&quot;},&quot;play_speed&quot;:{&quot;unit&quot;:&quot;px&quot;,&quot;size&quot;:0.75,&quot;sizes&quot;:[]},&quot;end_point&quot;:{&quot;unit&quot;:&quot;%&quot;,&quot;size&quot;:80,&quot;sizes&quot;:[]},&quot;lazyload&quot;:&quot;yes&quot;,&quot;_transform_flipX_effect&quot;:&quot;transform&quot;,&quot;source&quot;:&quot;media_file&quot;,&quot;caption_source&quot;:&quot;none&quot;,&quot;link_to&quot;:&quot;none&quot;,&quot;trigger&quot;:&quot;arriving_to_viewport&quot;,&quot;viewport&quot;:{&quot;unit&quot;:&quot;%&quot;,&quot;size&quot;:&quot;&quot;,&quot;sizes&quot;:{&quot;start&quot;:0,&quot;end&quot;:100}},&quot;start_point&quot;:{&quot;unit&quot;:&quot;%&quot;,&quot;size&quot;:0,&quot;sizes&quot;:[]},&quot;renderer&quot;:&quot;svg&quot;}\" data-widget_type=\"lottie.default\">\n\t\t\t\t<div class=\"elementor-widget-container\">\n\t\t\t\t\t<div class=\"e-lottie__container\"><div class=\"e-lottie__animation\"><\/div><\/div>\t\t\t\t<\/div>\n\t\t\t\t<\/div>\n\t\t\t\t<div class=\"elementor-element elementor-element-a48428c elementor-widget elementor-widget-text-editor\" data-id=\"a48428c\" data-element_type=\"widget\" data-e-type=\"widget\" data-widget_type=\"text-editor.default\">\n\t\t\t\t<div class=\"elementor-widget-container\">\n\t\t\t\t\t\t\t\t\t<p>Member of the <a href=\"https:\/\/bpugyvedikamara.hu\" target=\"_blank\" rel=\"noopener\">Budapest Bar Association<\/a><\/p>\t\t\t\t\t\t\t\t<\/div>\n\t\t\t\t<\/div>\n\t\t\t\t<\/div>\n\t\t\t\t<\/div>\n\t\t\t\t\t<\/div>\n\t\t\t\t<\/div>\n\t\t\t\t<\/div>","protected":false},"excerpt":{"rendered":"<p>Dr. Jilling Szil\u00e1rd Ferenc LL.M \u00dcGYV\u00c9D, K\u00c1RT\u00c9R\u00cdT\u00c9SI SZAKJOG\u00c1SZ Dr. Jilling Szil\u00e1rd Ferenc a Debreceni Egyetem \u00c1llam-\u00e9s Jogtudom\u00e1nyi Kar\u00e1n v\u00e9gzett 2020-ban \u201ecum laude\u201d min\u0151s\u00edt\u00e9ssel. F\u0151bb \u00e9rdekl\u0151d\u00e9si ter\u00fcletei a polg\u00e1ri jog, munkajog, illetve ezen jogter\u00fcletek felel\u0151ss\u00e9gi joga. K\u00fcl\u00f6n\u00f6sen fontosnak tartja az \u00edt\u00e9lkez\u00e9si gyakorlatot a felel\u0151ss\u00e9gi jog t\u00fckr\u00e9ben, mely t\u00e9mak\u00f6r szakdolgozat\u00e1nak alapj\u00e1ul is szolg\u00e1lt. Angol emelt szint\u0171 nyelvtud\u00e1s\u00e1nak [&hellip;]<\/p>\n","protected":false},"author":2,"featured_media":0,"parent":0,"menu_order":0,"comment_status":"closed","ping_status":"closed","template":"","meta":{"footnotes":""},"class_list":["post-337","page","type-page","status-publish","hentry"],"yoast_head":"<!-- This site is optimized with the Yoast SEO Premium plugin v27.2 (Yoast SEO v27.2) - https:\/\/yoast.com\/product\/yoast-seo-premium-wordpress\/ -->\n<title>Dr. Jilling Szil\u00e1rd Ferenc | Szentkl\u00e1ray<\/title>\n<meta name=\"description\" content=\"Dr. Jilling Szil\u00e1rd Ferenc a Debreceni Egyetem \u00c1llam-\u00e9s Jogtudom\u00e1nyi Kar\u00e1n v\u00e9gzett 2020-ban \u201ecum laude\u201d min\u0151s\u00edt\u00e9ssel.\" \/>\n<meta name=\"robots\" content=\"index, follow, max-snippet:-1, max-image-preview:large, max-video-preview:-1\" \/>\n<link rel=\"canonical\" href=\"https:\/\/drszentklaray.hu\/en\/dr-jilling-szilard-ferenc\/\" \/>\n<meta property=\"og:locale\" content=\"en_GB\" \/>\n<meta property=\"og:type\" content=\"article\" \/>\n<meta property=\"og:title\" content=\"Dr. Jilling Szil\u00e1rd Ferenc\" \/>\n<meta property=\"og:description\" content=\"Dr. Jilling Szil\u00e1rd Ferenc a Debreceni Egyetem \u00c1llam-\u00e9s Jogtudom\u00e1nyi Kar\u00e1n v\u00e9gzett 2020-ban \u201ecum laude\u201d min\u0151s\u00edt\u00e9ssel.\" \/>\n<meta property=\"og:url\" content=\"https:\/\/drszentklaray.hu\/en\/dr-jilling-szilard-ferenc\/\" \/>\n<meta property=\"og:site_name\" content=\"SZENTKL\u00c1RAY \u00dcGYV\u00c9DI IRODA\" \/>\n<meta property=\"article:modified_time\" content=\"2026-03-19T12:06:03+00:00\" \/>\n<meta property=\"og:image\" content=\"https:\/\/drszentklaray.hu\/wp-content\/uploads\/2026\/02\/dr-jilling-szilard-ferenc.jpg\" \/>\n\t<meta property=\"og:image:width\" content=\"1024\" \/>\n\t<meta property=\"og:image:height\" content=\"1200\" \/>\n\t<meta property=\"og:image:type\" content=\"image\/jpeg\" \/>\n<meta name=\"twitter:card\" content=\"summary_large_image\" \/>\n<meta name=\"twitter:label1\" content=\"Estimated reading time\" \/>\n\t<meta name=\"twitter:data1\" content=\"1 minute\" \/>\n<script type=\"application\/ld+json\" class=\"yoast-schema-graph\">{\"@context\":\"https:\/\/schema.org\",\"@graph\":[{\"@type\":\"WebPage\",\"@id\":\"https:\/\/drszentklaray.hu\/dr-jilling-szilard-ferenc\/\",\"url\":\"https:\/\/drszentklaray.hu\/dr-jilling-szilard-ferenc\/\",\"name\":\"Dr. Jilling Szil\u00e1rd Ferenc | Szentkl\u00e1ray\",\"isPartOf\":{\"@id\":\"https:\/\/drszentklaray.hu\/#website\"},\"primaryImageOfPage\":{\"@id\":\"https:\/\/drszentklaray.hu\/dr-jilling-szilard-ferenc\/#primaryimage\"},\"image\":{\"@id\":\"https:\/\/drszentklaray.hu\/dr-jilling-szilard-ferenc\/#primaryimage\"},\"thumbnailUrl\":\"https:\/\/drszentklaray.hu\/wp-content\/uploads\/2026\/02\/dr-jilling-szilard-ferenc-874x1024.jpg\",\"datePublished\":\"2025-01-20T20:54:17+00:00\",\"dateModified\":\"2026-03-19T12:06:03+00:00\",\"description\":\"Dr. Jilling Szil\u00e1rd Ferenc a Debreceni Egyetem \u00c1llam-\u00e9s Jogtudom\u00e1nyi Kar\u00e1n v\u00e9gzett 2020-ban \u201ecum laude\u201d min\u0151s\u00edt\u00e9ssel.\",\"breadcrumb\":{\"@id\":\"https:\/\/drszentklaray.hu\/dr-jilling-szilard-ferenc\/#breadcrumb\"},\"inLanguage\":\"en-GB\",\"potentialAction\":[{\"@type\":\"ReadAction\",\"target\":[\"https:\/\/drszentklaray.hu\/dr-jilling-szilard-ferenc\/\"]}]},{\"@type\":\"ImageObject\",\"inLanguage\":\"en-GB\",\"@id\":\"https:\/\/drszentklaray.hu\/dr-jilling-szilard-ferenc\/#primaryimage\",\"url\":\"https:\/\/drszentklaray.hu\/wp-content\/uploads\/2026\/02\/dr-jilling-szilard-ferenc-874x1024.jpg\",\"contentUrl\":\"https:\/\/drszentklaray.hu\/wp-content\/uploads\/2026\/02\/dr-jilling-szilard-ferenc-874x1024.jpg\"},{\"@type\":\"BreadcrumbList\",\"@id\":\"https:\/\/drszentklaray.hu\/dr-jilling-szilard-ferenc\/#breadcrumb\",\"itemListElement\":[{\"@type\":\"ListItem\",\"position\":1,\"name\":\"Kezd\u0151lap\",\"item\":\"https:\/\/drszentklaray.hu\/\"},{\"@type\":\"ListItem\",\"position\":2,\"name\":\"Dr. Jilling Szil\u00e1rd Ferenc\"}]},{\"@type\":\"WebSite\",\"@id\":\"https:\/\/drszentklaray.hu\/#website\",\"url\":\"https:\/\/drszentklaray.hu\/\",\"name\":\"SZENTKL\u00c1RAY \u00dcGYV\u00c9DI IRODA\",\"description\":\"\",\"publisher\":{\"@id\":\"https:\/\/drszentklaray.hu\/#organization\"},\"potentialAction\":[{\"@type\":\"SearchAction\",\"target\":{\"@type\":\"EntryPoint\",\"urlTemplate\":\"https:\/\/drszentklaray.hu\/?s={search_term_string}\"},\"query-input\":{\"@type\":\"PropertyValueSpecification\",\"valueRequired\":true,\"valueName\":\"search_term_string\"}}],\"inLanguage\":\"en-GB\"},{\"@type\":\"Organization\",\"@id\":\"https:\/\/drszentklaray.hu\/#organization\",\"name\":\"SZENTKL\u00c1RAY \u00dcGYV\u00c9DI IRODA\",\"url\":\"https:\/\/drszentklaray.hu\/\",\"logo\":{\"@type\":\"ImageObject\",\"inLanguage\":\"en-GB\",\"@id\":\"https:\/\/drszentklaray.hu\/#\/schema\/logo\/image\/\",\"url\":\"https:\/\/drszentklaray.hu\/wp-content\/uploads\/2025\/01\/dr-szentklaray-ugyvedi-iroda-logo-text.png\",\"contentUrl\":\"https:\/\/drszentklaray.hu\/wp-content\/uploads\/2025\/01\/dr-szentklaray-ugyvedi-iroda-logo-text.png\",\"width\":766,\"height\":200,\"caption\":\"SZENTKL\u00c1RAY \u00dcGYV\u00c9DI IRODA\"},\"image\":{\"@id\":\"https:\/\/drszentklaray.hu\/#\/schema\/logo\/image\/\"}}]}<\/script>\n<!-- \/ Yoast SEO Premium plugin. -->","yoast_head_json":{"title":"Dr. Jilling Szil\u00e1rd Ferenc | Szentkl\u00e1ray","description":"Dr. Jilling Szil\u00e1rd Ferenc graduated from the Faculty of Law of the University of Debrecen in 2020 with \"cum laude\" honors. He obtained his master of compensation laws qualification in 2023.","robots":{"index":"index","follow":"follow","max-snippet":"max-snippet:-1","max-image-preview":"max-image-preview:large","max-video-preview":"max-video-preview:-1"},"canonical":"https:\/\/drszentklaray.hu\/en\/dr-jilling-szilard-ferenc\/","og_locale":"en_GB","og_type":"article","og_title":"Dr. Jilling Szil\u00e1rd Ferenc","og_description":"Dr. Jilling Szil\u00e1rd Ferenc a Debreceni Egyetem \u00c1llam-\u00e9s Jogtudom\u00e1nyi Kar\u00e1n v\u00e9gzett 2020-ban \u201ecum laude\u201d min\u0151s\u00edt\u00e9ssel.","og_url":"https:\/\/drszentklaray.hu\/en\/dr-jilling-szilard-ferenc\/","og_site_name":"SZENTKL\u00c1RAY \u00dcGYV\u00c9DI IRODA","article_modified_time":"2026-03-19T12:06:03+00:00","og_image":[{"width":1024,"height":1200,"url":"https:\/\/drszentklaray.hu\/wp-content\/uploads\/2026\/02\/dr-jilling-szilard-ferenc.jpg","type":"image\/jpeg"}],"twitter_card":"summary_large_image","twitter_misc":{"Estimated reading time":"1 minute"},"schema":{"@context":"https:\/\/schema.org","@graph":[{"@type":"WebPage","@id":"https:\/\/drszentklaray.hu\/dr-jilling-szilard-ferenc\/","url":"https:\/\/drszentklaray.hu\/dr-jilling-szilard-ferenc\/","name":"Dr. Jilling Szil\u00e1rd Ferenc | Szentkl\u00e1ray","isPartOf":{"@id":"https:\/\/drszentklaray.hu\/#website"},"primaryImageOfPage":{"@id":"https:\/\/drszentklaray.hu\/dr-jilling-szilard-ferenc\/#primaryimage"},"image":{"@id":"https:\/\/drszentklaray.hu\/dr-jilling-szilard-ferenc\/#primaryimage"},"thumbnailUrl":"https:\/\/drszentklaray.hu\/wp-content\/uploads\/2026\/02\/dr-jilling-szilard-ferenc-874x1024.jpg","datePublished":"2025-01-20T20:54:17+00:00","dateModified":"2026-03-19T12:06:03+00:00","description":"Dr. Jilling Szil\u00e1rd Ferenc graduated from the Faculty of Law of the University of Debrecen in 2020 with \"cum laude\" honors. He obtained his master of compensation laws qualification in 2023.","breadcrumb":{"@id":"https:\/\/drszentklaray.hu\/dr-jilling-szilard-ferenc\/#breadcrumb"},"inLanguage":"en-GB","potentialAction":[{"@type":"ReadAction","target":["https:\/\/drszentklaray.hu\/dr-jilling-szilard-ferenc\/"]}]},{"@type":"ImageObject","inLanguage":"en-GB","@id":"https:\/\/drszentklaray.hu\/dr-jilling-szilard-ferenc\/#primaryimage","url":"https:\/\/drszentklaray.hu\/wp-content\/uploads\/2026\/02\/dr-jilling-szilard-ferenc-874x1024.jpg","contentUrl":"https:\/\/drszentklaray.hu\/wp-content\/uploads\/2026\/02\/dr-jilling-szilard-ferenc-874x1024.jpg"},{"@type":"BreadcrumbList","@id":"https:\/\/drszentklaray.hu\/dr-jilling-szilard-ferenc\/#breadcrumb","itemListElement":[{"@type":"ListItem","position":1,"name":"Kezd\u0151lap","item":"https:\/\/drszentklaray.hu\/"},{"@type":"ListItem","position":2,"name":"Dr. Jilling Szil\u00e1rd Ferenc"}]},{"@type":"WebSite","@id":"https:\/\/drszentklaray.hu\/#website","url":"https:\/\/drszentklaray.hu\/","name":"Szentkl\u00e1ray Law Firm","description":"","publisher":{"@id":"https:\/\/drszentklaray.hu\/#organization"},"potentialAction":[{"@type":"SearchAction","target":{"@type":"EntryPoint","urlTemplate":"https:\/\/drszentklaray.hu\/?s={search_term_string}"},"query-input":{"@type":"PropertyValueSpecification","valueRequired":true,"valueName":"search_term_string"}}],"inLanguage":"en-GB"},{"@type":"Organization","@id":"https:\/\/drszentklaray.hu\/#organization","name":"Szentkl\u00e1ray Law Firm","url":"https:\/\/drszentklaray.hu\/","logo":{"@type":"ImageObject","inLanguage":"en-GB","@id":"https:\/\/drszentklaray.hu\/#\/schema\/logo\/image\/","url":"https:\/\/drszentklaray.hu\/wp-content\/uploads\/2025\/01\/dr-szentklaray-ugyvedi-iroda-logo-text.png","contentUrl":"https:\/\/drszentklaray.hu\/wp-content\/uploads\/2025\/01\/dr-szentklaray-ugyvedi-iroda-logo-text.png","width":766,"height":200,"caption":"SZENTKL\u00c1RAY \u00dcGYV\u00c9DI IRODA"},"image":{"@id":"https:\/\/drszentklaray.hu\/#\/schema\/logo\/image\/"}}]}},"_links":{"self":[{"href":"https:\/\/drszentklaray.hu\/en\/wp-json\/wp\/v2\/pages\/337","targetHints":{"allow":["GET"]}}],"collection":[{"href":"https:\/\/drszentklaray.hu\/en\/wp-json\/wp\/v2\/pages"}],"about":[{"href":"https:\/\/drszentklaray.hu\/en\/wp-json\/wp\/v2\/types\/page"}],"author":[{"embeddable":true,"href":"https:\/\/drszentklaray.hu\/en\/wp-json\/wp\/v2\/users\/2"}],"replies":[{"embeddable":true,"href":"https:\/\/drszentklaray.hu\/en\/wp-json\/wp\/v2\/comments?post=337"}],"version-history":[{"count":17,"href":"https:\/\/drszentklaray.hu\/en\/wp-json\/wp\/v2\/pages\/337\/revisions"}],"predecessor-version":[{"id":1421,"href":"https:\/\/drszentklaray.hu\/en\/wp-json\/wp\/v2\/pages\/337\/revisions\/1421"}],"wp:attachment":[{"href":"https:\/\/drszentklaray.hu\/en\/wp-json\/wp\/v2\/media?parent=337"}],"curies":[{"name":"wp","href":"https:\/\/api.w.org\/{rel}","templated":true}]}}