{"id":317,"date":"2025-01-20T21:44:25","date_gmt":"2025-01-20T20:44:25","guid":{"rendered":"https:\/\/staging.drszentklaray.hu\/?page_id=317"},"modified":"2026-03-05T13:44:59","modified_gmt":"2026-03-05T12:44:59","slug":"katai-melinda","status":"publish","type":"page","link":"https:\/\/drszentklaray.hu\/en\/katai-melinda\/","title":{"rendered":"K\u00e1tai Melinda"},"content":{"rendered":"<div data-elementor-type=\"wp-page\" data-elementor-id=\"317\" class=\"elementor elementor-317\" data-elementor-post-type=\"page\">\n\t\t\t\t<div class=\"elementor-element elementor-element-22ba4f9 e-flex e-con-boxed e-con e-parent\" data-id=\"22ba4f9\" data-element_type=\"container\" data-e-type=\"container\">\n\t\t\t\t\t<div class=\"e-con-inner\">\n\t\t<div class=\"elementor-element elementor-element-ab7f7c7 e-con-full e-flex e-con e-child\" data-id=\"ab7f7c7\" data-element_type=\"container\" data-e-type=\"container\">\n\t\t\t\t<div class=\"elementor-element elementor-element-58469dc elementor-widget elementor-widget-image\" data-id=\"58469dc\" data-element_type=\"widget\" data-e-type=\"widget\" data-widget_type=\"image.default\">\n\t\t\t\t<div class=\"elementor-widget-container\">\n\t\t\t\t\t\t\t\t\t\t\t\t\t\t\t<img fetchpriority=\"high\" decoding=\"async\" width=\"800\" height=\"937\" src=\"https:\/\/drszentklaray.hu\/wp-content\/uploads\/2026\/02\/katai-melinda-874x1024.jpg\" class=\"attachment-large size-large wp-image-1277\" alt=\"K\u00e1tai Melinda \u00dcgyv\u00e9dasszisztens\" srcset=\"https:\/\/drszentklaray.hu\/wp-content\/uploads\/2026\/02\/katai-melinda-874x1024.jpg 874w, https:\/\/drszentklaray.hu\/wp-content\/uploads\/2026\/02\/katai-melinda-256x300.jpg 256w, https:\/\/drszentklaray.hu\/wp-content\/uploads\/2026\/02\/katai-melinda-768x900.jpg 768w, https:\/\/drszentklaray.hu\/wp-content\/uploads\/2026\/02\/katai-melinda.jpg 1024w\" sizes=\"(max-width: 800px) 100vw, 800px\" \/>\t\t\t\t\t\t\t\t\t\t\t\t\t\t\t<\/div>\n\t\t\t\t<\/div>\n\t\t\t\t<\/div>\n\t\t<div class=\"elementor-element elementor-element-65160a3 e-con-full e-flex e-con e-child\" data-id=\"65160a3\" data-element_type=\"container\" data-e-type=\"container\">\n\t\t\t\t<div class=\"elementor-element elementor-element-ec779d4 elementor-widget elementor-widget-heading\" data-id=\"ec779d4\" data-element_type=\"widget\" data-e-type=\"widget\" data-widget_type=\"heading.default\">\n\t\t\t\t<div class=\"elementor-widget-container\">\n\t\t\t\t\t<h2 class=\"elementor-heading-title elementor-size-default\">K\u00e1tai Melinda<\/h2>\t\t\t\t<\/div>\n\t\t\t\t<\/div>\n\t\t\t\t<div class=\"elementor-element elementor-element-8fb4ef7 elementor-widget elementor-widget-heading\" data-id=\"8fb4ef7\" data-element_type=\"widget\" data-e-type=\"widget\" data-widget_type=\"heading.default\">\n\t\t\t\t<div class=\"elementor-widget-container\">\n\t\t\t\t\t<h2 class=\"elementor-heading-title elementor-size-default\">ASSISTANT<\/h2>\t\t\t\t<\/div>\n\t\t\t\t<\/div>\n\t\t\t\t<div class=\"elementor-element elementor-element-fd0a800 elementor-widget-divider--view-line elementor-widget elementor-widget-divider\" data-id=\"fd0a800\" data-element_type=\"widget\" data-e-type=\"widget\" data-widget_type=\"divider.default\">\n\t\t\t\t<div class=\"elementor-widget-container\">\n\t\t\t\t\t\t\t<div class=\"elementor-divider\">\n\t\t\t<span class=\"elementor-divider-separator\">\n\t\t\t\t\t\t<\/span>\n\t\t<\/div>\n\t\t\t\t\t\t<\/div>\n\t\t\t\t<\/div>\n\t\t\t\t<div class=\"elementor-element elementor-element-a78fa34 elementor-widget elementor-widget-text-editor\" data-id=\"a78fa34\" data-element_type=\"widget\" data-e-type=\"widget\" data-widget_type=\"text-editor.default\">\n\t\t\t\t<div class=\"elementor-widget-container\">\n\t\t\t\t\t\t\t\t\t<p>K\u00e1tai Melinda started working at Szentkl\u00e1ray Law Firm as an office assistant following its founding. Currently, as a Legal Assistant, she supports the efficient operation of the Law Firm, oversees case management, ensures the coordination of work between the Firm's internal and external staff, and manages tasks related to the seamless operation of the Office.<\/p>\t\t\t\t\t\t\t\t<\/div>\n\t\t\t\t<\/div>\n\t\t<div class=\"elementor-element elementor-element-532847d e-con-full e-flex e-con e-child\" data-id=\"532847d\" data-element_type=\"container\" data-e-type=\"container\">\n\t\t\t\t<div class=\"elementor-element elementor-element-a734374 e-transform elementor-align-center elementor-widget elementor-widget-lottie\" data-id=\"a734374\" data-element_type=\"widget\" data-e-type=\"widget\" data-settings=\"{&quot;source_json&quot;:{&quot;url&quot;:&quot;https:\\\/\\\/drszentklaray.hu\\\/wp-content\\\/uploads\\\/2025\\\/01\\\/gavel-lottie-1.json&quot;,&quot;id&quot;:297,&quot;size&quot;:&quot;&quot;,&quot;alt&quot;:&quot;&quot;,&quot;source&quot;:&quot;library&quot;},&quot;play_speed&quot;:{&quot;unit&quot;:&quot;px&quot;,&quot;size&quot;:0.75,&quot;sizes&quot;:[]},&quot;end_point&quot;:{&quot;unit&quot;:&quot;%&quot;,&quot;size&quot;:80,&quot;sizes&quot;:[]},&quot;lazyload&quot;:&quot;yes&quot;,&quot;_transform_flipX_effect&quot;:&quot;transform&quot;,&quot;source&quot;:&quot;media_file&quot;,&quot;caption_source&quot;:&quot;none&quot;,&quot;link_to&quot;:&quot;none&quot;,&quot;trigger&quot;:&quot;arriving_to_viewport&quot;,&quot;viewport&quot;:{&quot;unit&quot;:&quot;%&quot;,&quot;size&quot;:&quot;&quot;,&quot;sizes&quot;:{&quot;start&quot;:0,&quot;end&quot;:100}},&quot;start_point&quot;:{&quot;unit&quot;:&quot;%&quot;,&quot;size&quot;:0,&quot;sizes&quot;:[]},&quot;renderer&quot;:&quot;svg&quot;}\" data-widget_type=\"lottie.default\">\n\t\t\t\t<div class=\"elementor-widget-container\">\n\t\t\t\t\t<div class=\"e-lottie__container\"><div class=\"e-lottie__animation\"><\/div><\/div>\t\t\t\t<\/div>\n\t\t\t\t<\/div>\n\t\t\t\t<div class=\"elementor-element elementor-element-0678664 elementor-widget elementor-widget-text-editor\" data-id=\"0678664\" data-element_type=\"widget\" data-e-type=\"widget\" data-widget_type=\"text-editor.default\">\n\t\t\t\t<div class=\"elementor-widget-container\">\n\t\t\t\t\t<style>.elementor-element-0678664{display:none !important}<\/style>\t\t\t\t<\/div>\n\t\t\t\t<\/div>\n\t\t\t\t<div class=\"elementor-element elementor-element-2931af8 elementor-widget elementor-widget-text-editor\" data-id=\"2931af8\" data-element_type=\"widget\" data-e-type=\"widget\" data-widget_type=\"text-editor.default\">\n\t\t\t\t<div class=\"elementor-widget-container\">\n\t\t\t\t\t\t\t\t\t<p>Resitered at the <a href=\"https:\/\/bpugyvedikamara.hu\">Budapest Bar Association<\/a><\/p>\t\t\t\t\t\t\t\t<\/div>\n\t\t\t\t<\/div>\n\t\t\t\t<\/div>\n\t\t\t\t<\/div>\n\t\t\t\t\t<\/div>\n\t\t\t\t<\/div>\n\t\t\t\t<\/div>","protected":false},"excerpt":{"rendered":"<p>K\u00e1tai Melinda \u00dcGYV\u00c9DASSZISZTENS K\u00e1tai Melinda iroda asszisztensk\u00e9nt kezdett dolgozni a Szentkl\u00e1ray \u00dcgyv\u00e9di Irod\u00e1n\u00e1l az alap\u00edt\u00e1st k\u00f6vet\u0151en. Jelenleg \u00dcgyv\u00e9dasszisztensk\u00e9nt seg\u00edti az \u00dcgyv\u00e9di Iroda hat\u00e9kony m\u0171k\u00f6d\u00e9s\u00e9t, fel\u00fcgyeli az \u00fcgykezel\u00e9st, gondoskodik az \u00dcgyv\u00e9di Iroda bels\u0151 \u00e9s k\u00fcls\u0151 munkat\u00e1rsai munk\u00e1j\u00e1nak \u00f6sszehangol\u00e1s\u00e1r\u00f3l \u00e9s kezeli az Iroda z\u00f6kken\u0151mentes \u00fczemel\u00e9s\u00e9vel kapcsolatos teend\u0151ket. A Budapesti \u00dcgyv\u00e9di Kamar\u00e1n\u00e1l regisztr\u00e1lva Resitered at the Budapesti \u00dcgyv\u00e9di [&hellip;]<\/p>\n","protected":false},"author":2,"featured_media":0,"parent":0,"menu_order":0,"comment_status":"closed","ping_status":"closed","template":"","meta":{"footnotes":""},"class_list":["post-317","page","type-page","status-publish","hentry"],"yoast_head":"<!-- This site is optimized with the Yoast SEO Premium plugin v27.2 (Yoast SEO v27.2) - https:\/\/yoast.com\/product\/yoast-seo-premium-wordpress\/ -->\n<title>K\u00e1tai Melinda | Szentkl\u00e1ray<\/title>\n<meta name=\"description\" content=\"K\u00e1tai Melinda iroda asszisztensk\u00e9nt kezdett dolgozni a Szentkl\u00e1ray \u00dcgyv\u00e9di Irod\u00e1n\u00e1l az alap\u00edt\u00e1st k\u00f6vet\u0151en. Jelenleg \u00dcgyv\u00e9dasszisztensk\u00e9nt seg\u00edti az \u00dcgyv\u00e9di Iroda hat\u00e9kony m\u0171k\u00f6d\u00e9s\u00e9t.\" \/>\n<meta name=\"robots\" content=\"index, follow, max-snippet:-1, max-image-preview:large, max-video-preview:-1\" \/>\n<link rel=\"canonical\" href=\"https:\/\/drszentklaray.hu\/en\/katai-melinda\/\" \/>\n<meta property=\"og:locale\" content=\"en_GB\" \/>\n<meta property=\"og:type\" content=\"article\" \/>\n<meta property=\"og:title\" content=\"K\u00e1tai Melinda\" \/>\n<meta property=\"og:description\" content=\"K\u00e1tai Melinda iroda asszisztensk\u00e9nt kezdett dolgozni a Szentkl\u00e1ray \u00dcgyv\u00e9di Irod\u00e1n\u00e1l az alap\u00edt\u00e1st k\u00f6vet\u0151en. Jelenleg \u00dcgyv\u00e9dasszisztensk\u00e9nt seg\u00edti az \u00dcgyv\u00e9di Iroda hat\u00e9kony m\u0171k\u00f6d\u00e9s\u00e9t.\" \/>\n<meta property=\"og:url\" content=\"https:\/\/drszentklaray.hu\/en\/katai-melinda\/\" \/>\n<meta property=\"og:site_name\" content=\"SZENTKL\u00c1RAY \u00dcGYV\u00c9DI IRODA\" \/>\n<meta property=\"article:modified_time\" content=\"2026-03-05T12:44:59+00:00\" \/>\n<meta property=\"og:image\" content=\"https:\/\/drszentklaray.hu\/wp-content\/uploads\/2026\/02\/katai-melinda.jpg\" \/>\n\t<meta property=\"og:image:width\" content=\"1024\" \/>\n\t<meta property=\"og:image:height\" content=\"1200\" \/>\n\t<meta property=\"og:image:type\" content=\"image\/jpeg\" \/>\n<meta name=\"twitter:card\" content=\"summary_large_image\" \/>\n<meta name=\"twitter:label1\" content=\"Estimated reading time\" \/>\n\t<meta name=\"twitter:data1\" content=\"1 minute\" \/>\n<script type=\"application\/ld+json\" class=\"yoast-schema-graph\">{\"@context\":\"https:\/\/schema.org\",\"@graph\":[{\"@type\":\"WebPage\",\"@id\":\"https:\/\/drszentklaray.hu\/katai-melinda\/\",\"url\":\"https:\/\/drszentklaray.hu\/katai-melinda\/\",\"name\":\"K\u00e1tai Melinda | Szentkl\u00e1ray\",\"isPartOf\":{\"@id\":\"https:\/\/drszentklaray.hu\/#website\"},\"primaryImageOfPage\":{\"@id\":\"https:\/\/drszentklaray.hu\/katai-melinda\/#primaryimage\"},\"image\":{\"@id\":\"https:\/\/drszentklaray.hu\/katai-melinda\/#primaryimage\"},\"thumbnailUrl\":\"https:\/\/drszentklaray.hu\/wp-content\/uploads\/2026\/02\/katai-melinda-874x1024.jpg\",\"datePublished\":\"2025-01-20T20:44:25+00:00\",\"dateModified\":\"2026-03-05T12:44:59+00:00\",\"description\":\"K\u00e1tai Melinda iroda asszisztensk\u00e9nt kezdett dolgozni a Szentkl\u00e1ray \u00dcgyv\u00e9di Irod\u00e1n\u00e1l az alap\u00edt\u00e1st k\u00f6vet\u0151en. Jelenleg \u00dcgyv\u00e9dasszisztensk\u00e9nt seg\u00edti az \u00dcgyv\u00e9di Iroda hat\u00e9kony m\u0171k\u00f6d\u00e9s\u00e9t.\",\"breadcrumb\":{\"@id\":\"https:\/\/drszentklaray.hu\/katai-melinda\/#breadcrumb\"},\"inLanguage\":\"en-GB\",\"potentialAction\":[{\"@type\":\"ReadAction\",\"target\":[\"https:\/\/drszentklaray.hu\/katai-melinda\/\"]}]},{\"@type\":\"ImageObject\",\"inLanguage\":\"en-GB\",\"@id\":\"https:\/\/drszentklaray.hu\/katai-melinda\/#primaryimage\",\"url\":\"https:\/\/drszentklaray.hu\/wp-content\/uploads\/2026\/02\/katai-melinda-874x1024.jpg\",\"contentUrl\":\"https:\/\/drszentklaray.hu\/wp-content\/uploads\/2026\/02\/katai-melinda-874x1024.jpg\"},{\"@type\":\"BreadcrumbList\",\"@id\":\"https:\/\/drszentklaray.hu\/katai-melinda\/#breadcrumb\",\"itemListElement\":[{\"@type\":\"ListItem\",\"position\":1,\"name\":\"Kezd\u0151lap\",\"item\":\"https:\/\/drszentklaray.hu\/\"},{\"@type\":\"ListItem\",\"position\":2,\"name\":\"K\u00e1tai Melinda\"}]},{\"@type\":\"WebSite\",\"@id\":\"https:\/\/drszentklaray.hu\/#website\",\"url\":\"https:\/\/drszentklaray.hu\/\",\"name\":\"SZENTKL\u00c1RAY \u00dcGYV\u00c9DI IRODA\",\"description\":\"\",\"publisher\":{\"@id\":\"https:\/\/drszentklaray.hu\/#organization\"},\"potentialAction\":[{\"@type\":\"SearchAction\",\"target\":{\"@type\":\"EntryPoint\",\"urlTemplate\":\"https:\/\/drszentklaray.hu\/?s={search_term_string}\"},\"query-input\":{\"@type\":\"PropertyValueSpecification\",\"valueRequired\":true,\"valueName\":\"search_term_string\"}}],\"inLanguage\":\"en-GB\"},{\"@type\":\"Organization\",\"@id\":\"https:\/\/drszentklaray.hu\/#organization\",\"name\":\"SZENTKL\u00c1RAY \u00dcGYV\u00c9DI IRODA\",\"url\":\"https:\/\/drszentklaray.hu\/\",\"logo\":{\"@type\":\"ImageObject\",\"inLanguage\":\"en-GB\",\"@id\":\"https:\/\/drszentklaray.hu\/#\/schema\/logo\/image\/\",\"url\":\"https:\/\/drszentklaray.hu\/wp-content\/uploads\/2025\/01\/dr-szentklaray-ugyvedi-iroda-logo-text.png\",\"contentUrl\":\"https:\/\/drszentklaray.hu\/wp-content\/uploads\/2025\/01\/dr-szentklaray-ugyvedi-iroda-logo-text.png\",\"width\":766,\"height\":200,\"caption\":\"SZENTKL\u00c1RAY \u00dcGYV\u00c9DI IRODA\"},\"image\":{\"@id\":\"https:\/\/drszentklaray.hu\/#\/schema\/logo\/image\/\"}}]}<\/script>\n<!-- \/ Yoast SEO Premium plugin. -->","yoast_head_json":{"title":"K\u00e1tai Melinda | Szentkl\u00e1ray","description":"K\u00e1tai Melinda began working as an office assistant at Szentkl\u00e1ray Law Firm following its founding. Currently, she supports the effective operation of the Law Firm as a Legal Assistant.","robots":{"index":"index","follow":"follow","max-snippet":"max-snippet:-1","max-image-preview":"max-image-preview:large","max-video-preview":"max-video-preview:-1"},"canonical":"https:\/\/drszentklaray.hu\/en\/katai-melinda\/","og_locale":"en_GB","og_type":"article","og_title":"K\u00e1tai Melinda","og_description":"K\u00e1tai Melinda iroda asszisztensk\u00e9nt kezdett dolgozni a Szentkl\u00e1ray \u00dcgyv\u00e9di Irod\u00e1n\u00e1l az alap\u00edt\u00e1st k\u00f6vet\u0151en. Jelenleg \u00dcgyv\u00e9dasszisztensk\u00e9nt seg\u00edti az \u00dcgyv\u00e9di Iroda hat\u00e9kony m\u0171k\u00f6d\u00e9s\u00e9t.","og_url":"https:\/\/drszentklaray.hu\/en\/katai-melinda\/","og_site_name":"SZENTKL\u00c1RAY \u00dcGYV\u00c9DI IRODA","article_modified_time":"2026-03-05T12:44:59+00:00","og_image":[{"width":1024,"height":1200,"url":"https:\/\/drszentklaray.hu\/wp-content\/uploads\/2026\/02\/katai-melinda.jpg","type":"image\/jpeg"}],"twitter_card":"summary_large_image","twitter_misc":{"Estimated reading time":"1 minute"},"schema":{"@context":"https:\/\/schema.org","@graph":[{"@type":"WebPage","@id":"https:\/\/drszentklaray.hu\/katai-melinda\/","url":"https:\/\/drszentklaray.hu\/katai-melinda\/","name":"K\u00e1tai Melinda | Szentkl\u00e1ray","isPartOf":{"@id":"https:\/\/drszentklaray.hu\/#website"},"primaryImageOfPage":{"@id":"https:\/\/drszentklaray.hu\/katai-melinda\/#primaryimage"},"image":{"@id":"https:\/\/drszentklaray.hu\/katai-melinda\/#primaryimage"},"thumbnailUrl":"https:\/\/drszentklaray.hu\/wp-content\/uploads\/2026\/02\/katai-melinda-874x1024.jpg","datePublished":"2025-01-20T20:44:25+00:00","dateModified":"2026-03-05T12:44:59+00:00","description":"K\u00e1tai Melinda began working as an office assistant at Szentkl\u00e1ray Law Firm following its founding. Currently, she supports the effective operation of the Law Firm as a Legal Assistant.","breadcrumb":{"@id":"https:\/\/drszentklaray.hu\/katai-melinda\/#breadcrumb"},"inLanguage":"en-GB","potentialAction":[{"@type":"ReadAction","target":["https:\/\/drszentklaray.hu\/katai-melinda\/"]}]},{"@type":"ImageObject","inLanguage":"en-GB","@id":"https:\/\/drszentklaray.hu\/katai-melinda\/#primaryimage","url":"https:\/\/drszentklaray.hu\/wp-content\/uploads\/2026\/02\/katai-melinda-874x1024.jpg","contentUrl":"https:\/\/drszentklaray.hu\/wp-content\/uploads\/2026\/02\/katai-melinda-874x1024.jpg"},{"@type":"BreadcrumbList","@id":"https:\/\/drszentklaray.hu\/katai-melinda\/#breadcrumb","itemListElement":[{"@type":"ListItem","position":1,"name":"Kezd\u0151lap","item":"https:\/\/drszentklaray.hu\/"},{"@type":"ListItem","position":2,"name":"K\u00e1tai Melinda"}]},{"@type":"WebSite","@id":"https:\/\/drszentklaray.hu\/#website","url":"https:\/\/drszentklaray.hu\/","name":"Szentkl\u00e1ray Law Firm","description":"","publisher":{"@id":"https:\/\/drszentklaray.hu\/#organization"},"potentialAction":[{"@type":"SearchAction","target":{"@type":"EntryPoint","urlTemplate":"https:\/\/drszentklaray.hu\/?s={search_term_string}"},"query-input":{"@type":"PropertyValueSpecification","valueRequired":true,"valueName":"search_term_string"}}],"inLanguage":"en-GB"},{"@type":"Organization","@id":"https:\/\/drszentklaray.hu\/#organization","name":"Szentkl\u00e1ray Law Firm","url":"https:\/\/drszentklaray.hu\/","logo":{"@type":"ImageObject","inLanguage":"en-GB","@id":"https:\/\/drszentklaray.hu\/#\/schema\/logo\/image\/","url":"https:\/\/drszentklaray.hu\/wp-content\/uploads\/2025\/01\/dr-szentklaray-ugyvedi-iroda-logo-text.png","contentUrl":"https:\/\/drszentklaray.hu\/wp-content\/uploads\/2025\/01\/dr-szentklaray-ugyvedi-iroda-logo-text.png","width":766,"height":200,"caption":"SZENTKL\u00c1RAY \u00dcGYV\u00c9DI IRODA"},"image":{"@id":"https:\/\/drszentklaray.hu\/#\/schema\/logo\/image\/"}}]}},"_links":{"self":[{"href":"https:\/\/drszentklaray.hu\/en\/wp-json\/wp\/v2\/pages\/317","targetHints":{"allow":["GET"]}}],"collection":[{"href":"https:\/\/drszentklaray.hu\/en\/wp-json\/wp\/v2\/pages"}],"about":[{"href":"https:\/\/drszentklaray.hu\/en\/wp-json\/wp\/v2\/types\/page"}],"author":[{"embeddable":true,"href":"https:\/\/drszentklaray.hu\/en\/wp-json\/wp\/v2\/users\/2"}],"replies":[{"embeddable":true,"href":"https:\/\/drszentklaray.hu\/en\/wp-json\/wp\/v2\/comments?post=317"}],"version-history":[{"count":14,"href":"https:\/\/drszentklaray.hu\/en\/wp-json\/wp\/v2\/pages\/317\/revisions"}],"predecessor-version":[{"id":1361,"href":"https:\/\/drszentklaray.hu\/en\/wp-json\/wp\/v2\/pages\/317\/revisions\/1361"}],"wp:attachment":[{"href":"https:\/\/drszentklaray.hu\/en\/wp-json\/wp\/v2\/media?parent=317"}],"curies":[{"name":"wp","href":"https:\/\/api.w.org\/{rel}","templated":true}]}}