{"id":306,"date":"2025-01-20T21:40:48","date_gmt":"2025-01-20T20:40:48","guid":{"rendered":"https:\/\/staging.drszentklaray.hu\/?page_id=306"},"modified":"2026-02-12T11:16:22","modified_gmt":"2026-02-12T10:16:22","slug":"professional-career-of-dr-szentklaray-bence","status":"publish","type":"page","link":"https:\/\/drszentklaray.hu\/en\/dr-szentklaray-bence-szakmai-eletut\/","title":{"rendered":"Professional career of Dr. Szentkl\u00e1ray Bence"},"content":{"rendered":"<div data-elementor-type=\"wp-page\" data-elementor-id=\"306\" class=\"elementor elementor-306\" data-elementor-post-type=\"page\">\n\t\t\t\t<div class=\"elementor-element elementor-element-2b4bdc7 e-flex e-con-boxed e-con e-parent\" data-id=\"2b4bdc7\" data-element_type=\"container\" data-e-type=\"container\">\n\t\t\t\t\t<div class=\"e-con-inner\">\n\t\t<div class=\"elementor-element elementor-element-980547d e-con-full e-flex e-con e-child\" data-id=\"980547d\" data-element_type=\"container\" data-e-type=\"container\">\n\t\t\t\t<div class=\"elementor-element elementor-element-8363e43 elementor-widget elementor-widget-image\" data-id=\"8363e43\" data-element_type=\"widget\" data-e-type=\"widget\" data-widget_type=\"image.default\">\n\t\t\t\t<div class=\"elementor-widget-container\">\n\t\t\t\t\t\t\t\t\t\t\t\t\t\t\t<img fetchpriority=\"high\" decoding=\"async\" width=\"800\" height=\"937\" src=\"https:\/\/drszentklaray.hu\/wp-content\/uploads\/2026\/02\/dr-szentklaray-bence-874x1024.jpg\" class=\"attachment-large size-large wp-image-1275\" alt=\"Dr. Szentkl\u00e1ray Bence \u00dcgyv\u00e9d\" srcset=\"https:\/\/drszentklaray.hu\/wp-content\/uploads\/2026\/02\/dr-szentklaray-bence-874x1024.jpg 874w, https:\/\/drszentklaray.hu\/wp-content\/uploads\/2026\/02\/dr-szentklaray-bence-256x300.jpg 256w, https:\/\/drszentklaray.hu\/wp-content\/uploads\/2026\/02\/dr-szentklaray-bence-768x900.jpg 768w, https:\/\/drszentklaray.hu\/wp-content\/uploads\/2026\/02\/dr-szentklaray-bence.jpg 1024w\" sizes=\"(max-width: 800px) 100vw, 800px\" \/>\t\t\t\t\t\t\t\t\t\t\t\t\t\t\t<\/div>\n\t\t\t\t<\/div>\n\t\t\t\t<\/div>\n\t\t<div class=\"elementor-element elementor-element-fe96002 e-con-full e-flex e-con e-child\" data-id=\"fe96002\" data-element_type=\"container\" data-e-type=\"container\">\n\t\t\t\t<div class=\"elementor-element elementor-element-6a81ea6 elementor-widget elementor-widget-heading\" data-id=\"6a81ea6\" data-element_type=\"widget\" data-e-type=\"widget\" data-widget_type=\"heading.default\">\n\t\t\t\t<div class=\"elementor-widget-container\">\n\t\t\t\t\t<h2 class=\"elementor-heading-title elementor-size-default\">Dr. Szentkl\u00e1ray Bence LL.M.<\/h2>\t\t\t\t<\/div>\n\t\t\t\t<\/div>\n\t\t\t\t<div class=\"elementor-element elementor-element-7eb9e99 elementor-widget elementor-widget-heading\" data-id=\"7eb9e99\" data-element_type=\"widget\" data-e-type=\"widget\" data-widget_type=\"heading.default\">\n\t\t\t\t<div class=\"elementor-widget-container\">\n\t\t\t\t\t<h2 class=\"elementor-heading-title elementor-size-default\">Professional career path<\/h2>\t\t\t\t<\/div>\n\t\t\t\t<\/div>\n\t\t\t\t<div class=\"elementor-element elementor-element-e32def6 elementor-widget-divider--view-line elementor-widget elementor-widget-divider\" data-id=\"e32def6\" data-element_type=\"widget\" data-e-type=\"widget\" data-widget_type=\"divider.default\">\n\t\t\t\t<div class=\"elementor-widget-container\">\n\t\t\t\t\t\t\t<div class=\"elementor-divider\">\n\t\t\t<span class=\"elementor-divider-separator\">\n\t\t\t\t\t\t<\/span>\n\t\t<\/div>\n\t\t\t\t\t\t<\/div>\n\t\t\t\t<\/div>\n\t\t\t\t<div class=\"elementor-element elementor-element-55f447e elementor-widget elementor-widget-text-editor\" data-id=\"55f447e\" data-element_type=\"widget\" data-e-type=\"widget\" data-widget_type=\"text-editor.default\">\n\t\t\t\t<div class=\"elementor-widget-container\">\n\t\t\t\t\t\t\t\t\t<p>I began my professional career in my second year of university at a law firm specializing in international economic law at a high level. First as an intern, then as a translator, and later as a liquidator, I gained experience in the founding, operation, and liquidation of an international bank during my university years. I spent the last two years of university working in Vienna, assisting in the liquidation of the Austro-Hungarian Bank. I also wrote my thesis in connection with liquidation proceedings.<\/p><p>As a trainee lawyer, I first worked at the legal department of an international bank, then at the Ministry of Agriculture and Rural Development, working on legislative drafting representing the law firm; upon the conclusion of this, I handled economic and compensation cases.<\/p><p>After my time as a trainee lawyer, I lived in Egypt for seven years. I started working at a diving center in Hurghada, and seven years later, I was the owner of five diving centers and a bar. I held more than 15 instructor trainer and 30 instructor certifications across five diving organizations in recreational, technical, mixed-gas, and rebreather diving. Furthermore, I obtained trainer certifications in trimix gas blending, oxygen administration, first aid, and other specialized areas related to diving. The Arab Spring and the tragic bus accident in Hurghada brought about my return home and a renewed momentum for practicing law.<\/p><p>Upon returning, while preparing for the bar exams, the Hurghada bus accident defined my professional interest. I knew several of the victims personally through diving and Hurghada, so with an excellent colleague, we took on the case, which defined my next 11 years until its conclusion. After passing the bar exams, I founded the Szentkl\u00e1ray Law Firm.<\/p><p>My interest in civil liability law became definitive; I took on more and more compensation and personality rights cases and fewer economic law matters. To refresh and expand my knowledge, I completed the specialist postgraduate program in compensation law at P\u00e1zm\u00e1ny P\u00e9ter Catholic University, and since then, I have dealt almost exclusively with accidents involving personal injury, personality rights violations, and neighbor law violations.<\/p>\t\t\t\t\t\t\t\t<\/div>\n\t\t\t\t<\/div>\n\t\t\t\t<\/div>\n\t\t\t\t\t<\/div>\n\t\t\t\t<\/div>\n\t\t\t\t<\/div>","protected":false},"excerpt":{"rendered":"<p>Dr. Szentkl\u00e1ray Bence LL.M. Szakmai \u00e9let\u00fat Szakmai p\u00e1lyafut\u00e1somat az egyetem m\u00e1sodik \u00e9v\u00e9ben kezdtem egy nemzetk\u00f6zi gazdas\u00e1gi joggal magas szinten foglalkoz\u00f3 \u00fcgyv\u00e9di irod\u00e1ban. El\u0151sz\u00f6r gyakornokk\u00e9nt, majd ford\u00edt\u00f3k\u00e9nt, k\u00e9s\u0151bb v\u00e9gelsz\u00e1mol\u00f3k\u00e9nt az egyetemi \u00e9vek alatt m\u00e1r tapasztalatot szereztem nemzetk\u00f6zi bank alap\u00edt\u00e1s\u00e1ban, m\u0171k\u00f6d\u00e9s\u00e9ben \u00e9s v\u00e9gelsz\u00e1mol\u00e1s\u00e1ban is. Az egyetem utols\u00f3 k\u00e9t \u00e9v\u00e9t B\u00e9csben dolgozva t\u00f6lt\u00f6ttem az Osztr\u00e1k-Magyar bank v\u00e9gelsz\u00e1mol\u00e1s\u00e1ban seg\u00e9dkezve. [&hellip;]<\/p>\n","protected":false},"author":2,"featured_media":0,"parent":0,"menu_order":0,"comment_status":"closed","ping_status":"closed","template":"","meta":{"footnotes":""},"class_list":["post-306","page","type-page","status-publish","hentry"],"yoast_head":"<!-- This site is optimized with the Yoast SEO Premium plugin v27.2 (Yoast SEO v27.2) - https:\/\/yoast.com\/product\/yoast-seo-premium-wordpress\/ -->\n<title>Dr. Szentkl\u00e1ray Bence szakmai \u00e9let\u00fat | Szentkl\u00e1ray<\/title>\n<meta name=\"description\" content=\"Szakmai p\u00e1lyafut\u00e1somat az egyetem m\u00e1sodik \u00e9v\u00e9ben kezdtem egy nemzetk\u00f6zi gazdas\u00e1gi joggal magas szinten foglalkoz\u00f3 \u00fcgyv\u00e9di irod\u00e1ban.\" \/>\n<meta name=\"robots\" content=\"index, follow, max-snippet:-1, max-image-preview:large, max-video-preview:-1\" \/>\n<link rel=\"canonical\" href=\"https:\/\/drszentklaray.hu\/en\/professional-career-of-dr-szentklaray-bence\/\" \/>\n<meta property=\"og:locale\" content=\"en_GB\" \/>\n<meta property=\"og:type\" content=\"article\" \/>\n<meta property=\"og:title\" content=\"Dr. Szentkl\u00e1ray Bence szakmai \u00e9let\u00fat\" \/>\n<meta property=\"og:description\" content=\"Szakmai p\u00e1lyafut\u00e1somat az egyetem m\u00e1sodik \u00e9v\u00e9ben kezdtem egy nemzetk\u00f6zi gazdas\u00e1gi joggal magas szinten foglalkoz\u00f3 \u00fcgyv\u00e9di irod\u00e1ban.\" \/>\n<meta property=\"og:url\" content=\"https:\/\/drszentklaray.hu\/en\/professional-career-of-dr-szentklaray-bence\/\" \/>\n<meta property=\"og:site_name\" content=\"SZENTKL\u00c1RAY \u00dcGYV\u00c9DI IRODA\" \/>\n<meta property=\"article:modified_time\" content=\"2026-02-12T10:16:22+00:00\" \/>\n<meta property=\"og:image\" content=\"https:\/\/drszentklaray.hu\/wp-content\/uploads\/2026\/02\/dr-szentklaray-bence-874x1024.jpg\" \/>\n<meta name=\"twitter:card\" content=\"summary_large_image\" \/>\n<meta name=\"twitter:label1\" content=\"Estimated reading time\" \/>\n\t<meta name=\"twitter:data1\" content=\"2 minutes\" \/>\n<script type=\"application\/ld+json\" class=\"yoast-schema-graph\">{\"@context\":\"https:\/\/schema.org\",\"@graph\":[{\"@type\":\"WebPage\",\"@id\":\"https:\/\/drszentklaray.hu\/dr-szentklaray-bence-szakmai-eletut\/\",\"url\":\"https:\/\/drszentklaray.hu\/dr-szentklaray-bence-szakmai-eletut\/\",\"name\":\"Dr. Szentkl\u00e1ray Bence szakmai \u00e9let\u00fat | Szentkl\u00e1ray\",\"isPartOf\":{\"@id\":\"https:\/\/drszentklaray.hu\/#website\"},\"primaryImageOfPage\":{\"@id\":\"https:\/\/drszentklaray.hu\/dr-szentklaray-bence-szakmai-eletut\/#primaryimage\"},\"image\":{\"@id\":\"https:\/\/drszentklaray.hu\/dr-szentklaray-bence-szakmai-eletut\/#primaryimage\"},\"thumbnailUrl\":\"https:\/\/drszentklaray.hu\/wp-content\/uploads\/2026\/02\/dr-szentklaray-bence-874x1024.jpg\",\"datePublished\":\"2025-01-20T20:40:48+00:00\",\"dateModified\":\"2026-02-12T10:16:22+00:00\",\"description\":\"Szakmai p\u00e1lyafut\u00e1somat az egyetem m\u00e1sodik \u00e9v\u00e9ben kezdtem egy nemzetk\u00f6zi gazdas\u00e1gi joggal magas szinten foglalkoz\u00f3 \u00fcgyv\u00e9di irod\u00e1ban.\",\"breadcrumb\":{\"@id\":\"https:\/\/drszentklaray.hu\/dr-szentklaray-bence-szakmai-eletut\/#breadcrumb\"},\"inLanguage\":\"en-GB\",\"potentialAction\":[{\"@type\":\"ReadAction\",\"target\":[\"https:\/\/drszentklaray.hu\/dr-szentklaray-bence-szakmai-eletut\/\"]}]},{\"@type\":\"ImageObject\",\"inLanguage\":\"en-GB\",\"@id\":\"https:\/\/drszentklaray.hu\/dr-szentklaray-bence-szakmai-eletut\/#primaryimage\",\"url\":\"https:\/\/drszentklaray.hu\/wp-content\/uploads\/2026\/02\/dr-szentklaray-bence-874x1024.jpg\",\"contentUrl\":\"https:\/\/drszentklaray.hu\/wp-content\/uploads\/2026\/02\/dr-szentklaray-bence-874x1024.jpg\"},{\"@type\":\"BreadcrumbList\",\"@id\":\"https:\/\/drszentklaray.hu\/dr-szentklaray-bence-szakmai-eletut\/#breadcrumb\",\"itemListElement\":[{\"@type\":\"ListItem\",\"position\":1,\"name\":\"Kezd\u0151lap\",\"item\":\"https:\/\/drszentklaray.hu\/\"},{\"@type\":\"ListItem\",\"position\":2,\"name\":\"Dr. Szentkl\u00e1ray Bence szakmai \u00e9let\u00fat\"}]},{\"@type\":\"WebSite\",\"@id\":\"https:\/\/drszentklaray.hu\/#website\",\"url\":\"https:\/\/drszentklaray.hu\/\",\"name\":\"SZENTKL\u00c1RAY \u00dcGYV\u00c9DI IRODA\",\"description\":\"\",\"publisher\":{\"@id\":\"https:\/\/drszentklaray.hu\/#organization\"},\"potentialAction\":[{\"@type\":\"SearchAction\",\"target\":{\"@type\":\"EntryPoint\",\"urlTemplate\":\"https:\/\/drszentklaray.hu\/?s={search_term_string}\"},\"query-input\":{\"@type\":\"PropertyValueSpecification\",\"valueRequired\":true,\"valueName\":\"search_term_string\"}}],\"inLanguage\":\"en-GB\"},{\"@type\":\"Organization\",\"@id\":\"https:\/\/drszentklaray.hu\/#organization\",\"name\":\"SZENTKL\u00c1RAY \u00dcGYV\u00c9DI IRODA\",\"url\":\"https:\/\/drszentklaray.hu\/\",\"logo\":{\"@type\":\"ImageObject\",\"inLanguage\":\"en-GB\",\"@id\":\"https:\/\/drszentklaray.hu\/#\/schema\/logo\/image\/\",\"url\":\"https:\/\/drszentklaray.hu\/wp-content\/uploads\/2025\/01\/dr-szentklaray-ugyvedi-iroda-logo-text.png\",\"contentUrl\":\"https:\/\/drszentklaray.hu\/wp-content\/uploads\/2025\/01\/dr-szentklaray-ugyvedi-iroda-logo-text.png\",\"width\":766,\"height\":200,\"caption\":\"SZENTKL\u00c1RAY \u00dcGYV\u00c9DI IRODA\"},\"image\":{\"@id\":\"https:\/\/drszentklaray.hu\/#\/schema\/logo\/image\/\"}}]}<\/script>\n<!-- \/ Yoast SEO Premium plugin. -->","yoast_head_json":{"title":"Professional career of Dr. Szentkl\u00e1ray Bence | Szentkl\u00e1ray","description":"I began my professional career in the second year of university at a law firm dealing with international economic law at a high level.","robots":{"index":"index","follow":"follow","max-snippet":"max-snippet:-1","max-image-preview":"max-image-preview:large","max-video-preview":"max-video-preview:-1"},"canonical":"https:\/\/drszentklaray.hu\/en\/professional-career-of-dr-szentklaray-bence\/","og_locale":"en_GB","og_type":"article","og_title":"Dr. Szentkl\u00e1ray Bence szakmai \u00e9let\u00fat","og_description":"Szakmai p\u00e1lyafut\u00e1somat az egyetem m\u00e1sodik \u00e9v\u00e9ben kezdtem egy nemzetk\u00f6zi gazdas\u00e1gi joggal magas szinten foglalkoz\u00f3 \u00fcgyv\u00e9di irod\u00e1ban.","og_url":"https:\/\/drszentklaray.hu\/en\/professional-career-of-dr-szentklaray-bence\/","og_site_name":"SZENTKL\u00c1RAY \u00dcGYV\u00c9DI IRODA","article_modified_time":"2026-02-12T10:16:22+00:00","og_image":[{"url":"https:\/\/drszentklaray.hu\/wp-content\/uploads\/2026\/02\/dr-szentklaray-bence-874x1024.jpg","type":"","width":"","height":""}],"twitter_card":"summary_large_image","twitter_misc":{"Estimated reading time":"2 minutes"},"schema":{"@context":"https:\/\/schema.org","@graph":[{"@type":"WebPage","@id":"https:\/\/drszentklaray.hu\/dr-szentklaray-bence-szakmai-eletut\/","url":"https:\/\/drszentklaray.hu\/dr-szentklaray-bence-szakmai-eletut\/","name":"Professional career of Dr. Szentkl\u00e1ray Bence | Szentkl\u00e1ray","isPartOf":{"@id":"https:\/\/drszentklaray.hu\/#website"},"primaryImageOfPage":{"@id":"https:\/\/drszentklaray.hu\/dr-szentklaray-bence-szakmai-eletut\/#primaryimage"},"image":{"@id":"https:\/\/drszentklaray.hu\/dr-szentklaray-bence-szakmai-eletut\/#primaryimage"},"thumbnailUrl":"https:\/\/drszentklaray.hu\/wp-content\/uploads\/2026\/02\/dr-szentklaray-bence-874x1024.jpg","datePublished":"2025-01-20T20:40:48+00:00","dateModified":"2026-02-12T10:16:22+00:00","description":"I began my professional career in the second year of university at a law firm dealing with international economic law at a high level.","breadcrumb":{"@id":"https:\/\/drszentklaray.hu\/dr-szentklaray-bence-szakmai-eletut\/#breadcrumb"},"inLanguage":"en-GB","potentialAction":[{"@type":"ReadAction","target":["https:\/\/drszentklaray.hu\/dr-szentklaray-bence-szakmai-eletut\/"]}]},{"@type":"ImageObject","inLanguage":"en-GB","@id":"https:\/\/drszentklaray.hu\/dr-szentklaray-bence-szakmai-eletut\/#primaryimage","url":"https:\/\/drszentklaray.hu\/wp-content\/uploads\/2026\/02\/dr-szentklaray-bence-874x1024.jpg","contentUrl":"https:\/\/drszentklaray.hu\/wp-content\/uploads\/2026\/02\/dr-szentklaray-bence-874x1024.jpg"},{"@type":"BreadcrumbList","@id":"https:\/\/drszentklaray.hu\/dr-szentklaray-bence-szakmai-eletut\/#breadcrumb","itemListElement":[{"@type":"ListItem","position":1,"name":"Kezd\u0151lap","item":"https:\/\/drszentklaray.hu\/"},{"@type":"ListItem","position":2,"name":"Dr. Szentkl\u00e1ray Bence szakmai \u00e9let\u00fat"}]},{"@type":"WebSite","@id":"https:\/\/drszentklaray.hu\/#website","url":"https:\/\/drszentklaray.hu\/","name":"Szentkl\u00e1ray Law Firm","description":"","publisher":{"@id":"https:\/\/drszentklaray.hu\/#organization"},"potentialAction":[{"@type":"SearchAction","target":{"@type":"EntryPoint","urlTemplate":"https:\/\/drszentklaray.hu\/?s={search_term_string}"},"query-input":{"@type":"PropertyValueSpecification","valueRequired":true,"valueName":"search_term_string"}}],"inLanguage":"en-GB"},{"@type":"Organization","@id":"https:\/\/drszentklaray.hu\/#organization","name":"Szentkl\u00e1ray Law Firm","url":"https:\/\/drszentklaray.hu\/","logo":{"@type":"ImageObject","inLanguage":"en-GB","@id":"https:\/\/drszentklaray.hu\/#\/schema\/logo\/image\/","url":"https:\/\/drszentklaray.hu\/wp-content\/uploads\/2025\/01\/dr-szentklaray-ugyvedi-iroda-logo-text.png","contentUrl":"https:\/\/drszentklaray.hu\/wp-content\/uploads\/2025\/01\/dr-szentklaray-ugyvedi-iroda-logo-text.png","width":766,"height":200,"caption":"SZENTKL\u00c1RAY \u00dcGYV\u00c9DI IRODA"},"image":{"@id":"https:\/\/drszentklaray.hu\/#\/schema\/logo\/image\/"}}]}},"_links":{"self":[{"href":"https:\/\/drszentklaray.hu\/en\/wp-json\/wp\/v2\/pages\/306","targetHints":{"allow":["GET"]}}],"collection":[{"href":"https:\/\/drszentklaray.hu\/en\/wp-json\/wp\/v2\/pages"}],"about":[{"href":"https:\/\/drszentklaray.hu\/en\/wp-json\/wp\/v2\/types\/page"}],"author":[{"embeddable":true,"href":"https:\/\/drszentklaray.hu\/en\/wp-json\/wp\/v2\/users\/2"}],"replies":[{"embeddable":true,"href":"https:\/\/drszentklaray.hu\/en\/wp-json\/wp\/v2\/comments?post=306"}],"version-history":[{"count":11,"href":"https:\/\/drszentklaray.hu\/en\/wp-json\/wp\/v2\/pages\/306\/revisions"}],"predecessor-version":[{"id":1291,"href":"https:\/\/drszentklaray.hu\/en\/wp-json\/wp\/v2\/pages\/306\/revisions\/1291"}],"wp:attachment":[{"href":"https:\/\/drszentklaray.hu\/en\/wp-json\/wp\/v2\/media?parent=306"}],"curies":[{"name":"wp","href":"https:\/\/api.w.org\/{rel}","templated":true}]}}