{"id":290,"date":"2025-01-20T21:31:46","date_gmt":"2025-01-20T20:31:46","guid":{"rendered":"https:\/\/staging.drszentklaray.hu\/?page_id=290"},"modified":"2026-03-19T13:05:51","modified_gmt":"2026-03-19T12:05:51","slug":"dr-szentklaray-bence-ll-m","status":"publish","type":"page","link":"https:\/\/drszentklaray.hu\/en\/dr-szentklaray-bence-ll-m\/","title":{"rendered":"Dr. Szentkl\u00e1ray Bence LL.M."},"content":{"rendered":"<div data-elementor-type=\"wp-page\" data-elementor-id=\"290\" class=\"elementor elementor-290\" data-elementor-post-type=\"page\">\n\t\t\t\t<div class=\"elementor-element elementor-element-646b87b e-flex e-con-boxed e-con e-parent\" data-id=\"646b87b\" data-element_type=\"container\" data-e-type=\"container\">\n\t\t\t\t\t<div class=\"e-con-inner\">\n\t\t<div class=\"elementor-element elementor-element-8efc488 e-con-full e-flex e-con e-child\" data-id=\"8efc488\" data-element_type=\"container\" data-e-type=\"container\">\n\t\t\t\t<div class=\"elementor-element elementor-element-a278b06 elementor-widget elementor-widget-image\" data-id=\"a278b06\" data-element_type=\"widget\" data-e-type=\"widget\" data-widget_type=\"image.default\">\n\t\t\t\t<div class=\"elementor-widget-container\">\n\t\t\t\t\t\t\t\t\t\t\t\t\t\t\t<img fetchpriority=\"high\" decoding=\"async\" width=\"800\" height=\"937\" src=\"https:\/\/drszentklaray.hu\/wp-content\/uploads\/2026\/02\/dr-szentklaray-bence-874x1024.jpg\" class=\"attachment-large size-large wp-image-1275\" alt=\"Dr. Szentkl\u00e1ray Bence \u00dcgyv\u00e9d\" srcset=\"https:\/\/drszentklaray.hu\/wp-content\/uploads\/2026\/02\/dr-szentklaray-bence-874x1024.jpg 874w, https:\/\/drszentklaray.hu\/wp-content\/uploads\/2026\/02\/dr-szentklaray-bence-256x300.jpg 256w, https:\/\/drszentklaray.hu\/wp-content\/uploads\/2026\/02\/dr-szentklaray-bence-768x900.jpg 768w, https:\/\/drszentklaray.hu\/wp-content\/uploads\/2026\/02\/dr-szentklaray-bence.jpg 1024w\" sizes=\"(max-width: 800px) 100vw, 800px\" \/>\t\t\t\t\t\t\t\t\t\t\t\t\t\t\t<\/div>\n\t\t\t\t<\/div>\n\t\t\t\t<\/div>\n\t\t<div class=\"elementor-element elementor-element-28e67eb e-con-full e-flex e-con e-child\" data-id=\"28e67eb\" data-element_type=\"container\" data-e-type=\"container\">\n\t\t\t\t<div class=\"elementor-element elementor-element-a2d1d0a elementor-widget elementor-widget-heading\" data-id=\"a2d1d0a\" data-element_type=\"widget\" data-e-type=\"widget\" data-widget_type=\"heading.default\">\n\t\t\t\t<div class=\"elementor-widget-container\">\n\t\t\t\t\t<h2 class=\"elementor-heading-title elementor-size-default\">Dr. Szentkl\u00e1ray Bence LL.M.<\/h2>\t\t\t\t<\/div>\n\t\t\t\t<\/div>\n\t\t\t\t<div class=\"elementor-element elementor-element-8fd136b elementor-widget elementor-widget-heading\" data-id=\"8fd136b\" data-element_type=\"widget\" data-e-type=\"widget\" data-widget_type=\"heading.default\">\n\t\t\t\t<div class=\"elementor-widget-container\">\n\t\t\t\t\t<h2 class=\"elementor-heading-title elementor-size-default\">ATTORNEY-AT-LAW, MASTER OF TORT LAWS<\/h2>\t\t\t\t<\/div>\n\t\t\t\t<\/div>\n\t\t\t\t<div class=\"elementor-element elementor-element-7ffb21a elementor-widget-divider--view-line elementor-widget elementor-widget-divider\" data-id=\"7ffb21a\" data-element_type=\"widget\" data-e-type=\"widget\" data-widget_type=\"divider.default\">\n\t\t\t\t<div class=\"elementor-widget-container\">\n\t\t\t\t\t\t\t<div class=\"elementor-divider\">\n\t\t\t<span class=\"elementor-divider-separator\">\n\t\t\t\t\t\t<\/span>\n\t\t<\/div>\n\t\t\t\t\t\t<\/div>\n\t\t\t\t<\/div>\n\t\t\t\t<div class=\"elementor-element elementor-element-24f0510 elementor-widget elementor-widget-text-editor\" data-id=\"24f0510\" data-element_type=\"widget\" data-e-type=\"widget\" data-widget_type=\"text-editor.default\">\n\t\t\t\t<div class=\"elementor-widget-container\">\n\t\t\t\t\t\t\t\t\t<p>Dr. Szentkl\u00e1ray Bence\u2019s professional interest is civil law-oriented, specifically specializing in civil liability law.<\/p><p>He utilizes his significant experience gained in the fields of economic law, contract law, and liability law within his compensation law practice. As a specialist in compensation law, he specializes in accidents involving personal injury, as well as personality rights and neighbor law cases.<\/p><p>Thanks to his foreign language skills, the professional experience he has gained is also decisive in cases with international aspects.<\/p><p>Obtained a specialist degree in compensation law in 2020.<\/p>\t\t\t\t\t\t\t\t<\/div>\n\t\t\t\t<\/div>\n\t\t\t\t<div class=\"elementor-element elementor-element-59586e4 elementor-widget elementor-widget-text-editor\" data-id=\"59586e4\" data-element_type=\"widget\" data-e-type=\"widget\" data-widget_type=\"text-editor.default\">\n\t\t\t\t<div class=\"elementor-widget-container\">\n\t\t\t\t\t\t\t\t\t<p>Languages: English, German \u2013 professional level<\/p><p>Arabic, Portuguese \u2013 conversational level<\/p>\t\t\t\t\t\t\t\t<\/div>\n\t\t\t\t<\/div>\n\t\t<div class=\"elementor-element elementor-element-fd41b3d e-con-full e-flex e-con e-child\" data-id=\"fd41b3d\" data-element_type=\"container\" data-e-type=\"container\">\n\t\t\t\t<div class=\"elementor-element elementor-element-5b3a4bd e-transform elementor-align-center elementor-widget elementor-widget-lottie\" data-id=\"5b3a4bd\" data-element_type=\"widget\" data-e-type=\"widget\" data-settings=\"{&quot;source_json&quot;:{&quot;url&quot;:&quot;https:\\\/\\\/drszentklaray.hu\\\/wp-content\\\/uploads\\\/2025\\\/01\\\/gavel-lottie-1.json&quot;,&quot;id&quot;:297,&quot;size&quot;:&quot;&quot;,&quot;alt&quot;:&quot;&quot;,&quot;source&quot;:&quot;library&quot;},&quot;play_speed&quot;:{&quot;unit&quot;:&quot;px&quot;,&quot;size&quot;:0.75,&quot;sizes&quot;:[]},&quot;end_point&quot;:{&quot;unit&quot;:&quot;%&quot;,&quot;size&quot;:80,&quot;sizes&quot;:[]},&quot;lazyload&quot;:&quot;yes&quot;,&quot;_transform_flipX_effect&quot;:&quot;transform&quot;,&quot;source&quot;:&quot;media_file&quot;,&quot;caption_source&quot;:&quot;none&quot;,&quot;link_to&quot;:&quot;none&quot;,&quot;trigger&quot;:&quot;arriving_to_viewport&quot;,&quot;viewport&quot;:{&quot;unit&quot;:&quot;%&quot;,&quot;size&quot;:&quot;&quot;,&quot;sizes&quot;:{&quot;start&quot;:0,&quot;end&quot;:100}},&quot;start_point&quot;:{&quot;unit&quot;:&quot;%&quot;,&quot;size&quot;:0,&quot;sizes&quot;:[]},&quot;renderer&quot;:&quot;svg&quot;}\" data-widget_type=\"lottie.default\">\n\t\t\t\t<div class=\"elementor-widget-container\">\n\t\t\t\t\t<div class=\"e-lottie__container\"><div class=\"e-lottie__animation\"><\/div><\/div>\t\t\t\t<\/div>\n\t\t\t\t<\/div>\n\t\t\t\t<div class=\"elementor-element elementor-element-6e4a185 elementor-widget elementor-widget-text-editor\" data-id=\"6e4a185\" data-element_type=\"widget\" data-e-type=\"widget\" data-widget_type=\"text-editor.default\">\n\t\t\t\t<div class=\"elementor-widget-container\">\n\t\t\t\t\t\t\t\t\t<p>Member of the <a href=\"https:\/\/bpugyvedikamara.hu\" target=\"_blank\" rel=\"noopener\">Budapest Bar Association<\/a><\/p>\t\t\t\t\t\t\t\t<\/div>\n\t\t\t\t<\/div>\n\t\t\t\t<\/div>\n\t\t<div class=\"elementor-element elementor-element-5b76102 e-con-full e-flex e-con e-child\" data-id=\"5b76102\" data-element_type=\"container\" data-e-type=\"container\">\n\t\t\t\t<div class=\"elementor-element elementor-element-e025c81 elementor-view-default elementor-widget elementor-widget-icon\" data-id=\"e025c81\" data-element_type=\"widget\" data-e-type=\"widget\" data-widget_type=\"icon.default\">\n\t\t\t\t<div class=\"elementor-widget-container\">\n\t\t\t\t\t\t\t<div class=\"elementor-icon-wrapper\">\n\t\t\t<div class=\"elementor-icon\">\n\t\t\t<svg aria-hidden=\"true\" class=\"e-font-icon-svg e-fas-caret-right\" viewbox=\"0 0 192 512\" xmlns=\"http:\/\/www.w3.org\/2000\/svg\"><path d=\"M0 384.662V127.338c0-17.818 21.543-26.741 34.142-14.142l128.662 128.662c7.81 7.81 7.81 20.474 0 28.284L34.142 398.804C21.543 411.404 0 402.48 0 384.662z\"><\/path><\/svg>\t\t\t<\/div>\n\t\t<\/div>\n\t\t\t\t\t\t<\/div>\n\t\t\t\t<\/div>\n\t\t\t\t<div class=\"elementor-element elementor-element-bfb6917 elementor-widget elementor-widget-text-editor\" data-id=\"bfb6917\" data-element_type=\"widget\" data-e-type=\"widget\" data-widget_type=\"text-editor.default\">\n\t\t\t\t<div class=\"elementor-widget-container\">\n\t\t\t\t\t\t\t\t\t<a href=\"\/en\/professional-career-of-dr-szentklaray-bence\/\">Professional career path<\/a>\t\t\t\t\t\t\t\t<\/div>\n\t\t\t\t<\/div>\n\t\t\t\t<\/div>\n\t\t\t\t<\/div>\n\t\t\t\t\t<\/div>\n\t\t\t\t<\/div>\n\t\t\t\t<\/div>","protected":false},"excerpt":{"rendered":"<p>Dr. Szentkl\u00e1ray Bence LL.M. \u00dcGYV\u00c9D, K\u00c1RT\u00c9R\u00cdT\u00c9SI SZAKJOG\u00c1SZ Dr. Szentkl\u00e1ray Bence szakmai \u00e9rdekl\u0151d\u00e9se polg\u00e1ri jogi be\u00e1ll\u00edtotts\u00e1g\u00fa, ezen bel\u00fcl is a polg\u00e1ri felel\u0151ss\u00e9gi jogra specializ\u00e1l\u00f3dott. A gazdas\u00e1gi jog, szerz\u0151d\u00e9si jog \u00e9s felel\u0151ss\u00e9gi jog ter\u00fclet\u00e9n szerzett sz\u00e1mottev\u0151 gyakorlat\u00e1t a k\u00e1rt\u00e9r\u00edt\u00e9si jogi gyakorlatban is kamatoztatja. K\u00e1rt\u00e9r\u00edt\u00e9si szakjog\u00e1szk\u00e9nt a szem\u00e9lyi s\u00e9r\u00fcl\u00e9ssel j\u00e1r\u00f3 balesetekre \u00e9s szem\u00e9lyis\u00e9gi jogi, illetve szomsz\u00e9djogi \u00fcgyekre specializ\u00e1l\u00f3dott. [&hellip;]<\/p>\n","protected":false},"author":2,"featured_media":0,"parent":0,"menu_order":0,"comment_status":"closed","ping_status":"closed","template":"","meta":{"footnotes":""},"class_list":["post-290","page","type-page","status-publish","hentry"],"yoast_head":"<!-- This site is optimized with the Yoast SEO Premium plugin v27.4 (Yoast SEO v27.4) - https:\/\/yoast.com\/product\/yoast-seo-premium-wordpress\/ -->\n<title>Dr. Szentkl\u00e1ray Bence LL.M. | Szentkl\u00e1ray<\/title>\n<meta name=\"description\" content=\"Dr. Szentkl\u00e1ray Bence k\u00e1rt\u00e9r\u00edt\u00e9si szakjog\u00e1sz, szakmai \u00e9rdekl\u0151d\u00e9se polg\u00e1ri jogi be\u00e1ll\u00edtotts\u00e1g\u00fa, ezen bel\u00fcl is a polg\u00e1ri felel\u0151ss\u00e9gi jogra specializ\u00e1l\u00f3dott.\" \/>\n<meta name=\"robots\" content=\"index, follow, max-snippet:-1, max-image-preview:large, max-video-preview:-1\" \/>\n<link rel=\"canonical\" href=\"https:\/\/drszentklaray.hu\/en\/dr-szentklaray-bence-ll-m\/\" \/>\n<meta property=\"og:locale\" content=\"en_GB\" \/>\n<meta property=\"og:type\" content=\"article\" \/>\n<meta property=\"og:title\" content=\"Dr. Szentkl\u00e1ray Bence LL.M.\" \/>\n<meta property=\"og:description\" content=\"Dr. Szentkl\u00e1ray Bence k\u00e1rt\u00e9r\u00edt\u00e9si szakjog\u00e1sz, szakmai \u00e9rdekl\u0151d\u00e9se polg\u00e1ri jogi be\u00e1ll\u00edtotts\u00e1g\u00fa, ezen bel\u00fcl is a polg\u00e1ri felel\u0151ss\u00e9gi jogra specializ\u00e1l\u00f3dott.\" \/>\n<meta property=\"og:url\" content=\"https:\/\/drszentklaray.hu\/en\/dr-szentklaray-bence-ll-m\/\" \/>\n<meta property=\"og:site_name\" content=\"SZENTKL\u00c1RAY \u00dcGYV\u00c9DI IRODA\" \/>\n<meta property=\"article:modified_time\" content=\"2026-03-19T12:05:51+00:00\" \/>\n<meta property=\"og:image\" content=\"https:\/\/drszentklaray.hu\/wp-content\/uploads\/2026\/02\/dr-szentklaray-bence.jpg\" \/>\n\t<meta property=\"og:image:width\" content=\"1024\" \/>\n\t<meta property=\"og:image:height\" content=\"1200\" \/>\n\t<meta property=\"og:image:type\" content=\"image\/jpeg\" \/>\n<meta name=\"twitter:card\" content=\"summary_large_image\" \/>\n<meta name=\"twitter:label1\" content=\"Estimated reading time\" \/>\n\t<meta name=\"twitter:data1\" content=\"1 minute\" \/>\n<script type=\"application\/ld+json\" class=\"yoast-schema-graph\">{\"@context\":\"https:\\\/\\\/schema.org\",\"@graph\":[{\"@type\":\"WebPage\",\"@id\":\"https:\\\/\\\/drszentklaray.hu\\\/dr-szentklaray-bence-ll-m\\\/\",\"url\":\"https:\\\/\\\/drszentklaray.hu\\\/dr-szentklaray-bence-ll-m\\\/\",\"name\":\"Dr. Szentkl\u00e1ray Bence LL.M. | Szentkl\u00e1ray\",\"isPartOf\":{\"@id\":\"https:\\\/\\\/drszentklaray.hu\\\/#website\"},\"primaryImageOfPage\":{\"@id\":\"https:\\\/\\\/drszentklaray.hu\\\/dr-szentklaray-bence-ll-m\\\/#primaryimage\"},\"image\":{\"@id\":\"https:\\\/\\\/drszentklaray.hu\\\/dr-szentklaray-bence-ll-m\\\/#primaryimage\"},\"thumbnailUrl\":\"https:\\\/\\\/drszentklaray.hu\\\/wp-content\\\/uploads\\\/2026\\\/02\\\/dr-szentklaray-bence-874x1024.jpg\",\"datePublished\":\"2025-01-20T20:31:46+00:00\",\"dateModified\":\"2026-03-19T12:05:51+00:00\",\"description\":\"Dr. Szentkl\u00e1ray Bence k\u00e1rt\u00e9r\u00edt\u00e9si szakjog\u00e1sz, szakmai \u00e9rdekl\u0151d\u00e9se polg\u00e1ri jogi be\u00e1ll\u00edtotts\u00e1g\u00fa, ezen bel\u00fcl is a polg\u00e1ri felel\u0151ss\u00e9gi jogra specializ\u00e1l\u00f3dott.\",\"breadcrumb\":{\"@id\":\"https:\\\/\\\/drszentklaray.hu\\\/dr-szentklaray-bence-ll-m\\\/#breadcrumb\"},\"inLanguage\":\"en-GB\",\"potentialAction\":[{\"@type\":\"ReadAction\",\"target\":[\"https:\\\/\\\/drszentklaray.hu\\\/dr-szentklaray-bence-ll-m\\\/\"]}]},{\"@type\":\"ImageObject\",\"inLanguage\":\"en-GB\",\"@id\":\"https:\\\/\\\/drszentklaray.hu\\\/dr-szentklaray-bence-ll-m\\\/#primaryimage\",\"url\":\"https:\\\/\\\/drszentklaray.hu\\\/wp-content\\\/uploads\\\/2026\\\/02\\\/dr-szentklaray-bence-874x1024.jpg\",\"contentUrl\":\"https:\\\/\\\/drszentklaray.hu\\\/wp-content\\\/uploads\\\/2026\\\/02\\\/dr-szentklaray-bence-874x1024.jpg\"},{\"@type\":\"BreadcrumbList\",\"@id\":\"https:\\\/\\\/drszentklaray.hu\\\/dr-szentklaray-bence-ll-m\\\/#breadcrumb\",\"itemListElement\":[{\"@type\":\"ListItem\",\"position\":1,\"name\":\"Kezd\u0151lap\",\"item\":\"https:\\\/\\\/drszentklaray.hu\\\/\"},{\"@type\":\"ListItem\",\"position\":2,\"name\":\"Dr. Szentkl\u00e1ray Bence LL.M.\"}]},{\"@type\":\"WebSite\",\"@id\":\"https:\\\/\\\/drszentklaray.hu\\\/#website\",\"url\":\"https:\\\/\\\/drszentklaray.hu\\\/\",\"name\":\"SZENTKL\u00c1RAY \u00dcGYV\u00c9DI IRODA\",\"description\":\"\",\"publisher\":{\"@id\":\"https:\\\/\\\/drszentklaray.hu\\\/#organization\"},\"potentialAction\":[{\"@type\":\"SearchAction\",\"target\":{\"@type\":\"EntryPoint\",\"urlTemplate\":\"https:\\\/\\\/drszentklaray.hu\\\/?s={search_term_string}\"},\"query-input\":{\"@type\":\"PropertyValueSpecification\",\"valueRequired\":true,\"valueName\":\"search_term_string\"}}],\"inLanguage\":\"en-GB\"},{\"@type\":\"Organization\",\"@id\":\"https:\\\/\\\/drszentklaray.hu\\\/#organization\",\"name\":\"SZENTKL\u00c1RAY \u00dcGYV\u00c9DI IRODA\",\"url\":\"https:\\\/\\\/drszentklaray.hu\\\/\",\"logo\":{\"@type\":\"ImageObject\",\"inLanguage\":\"en-GB\",\"@id\":\"https:\\\/\\\/drszentklaray.hu\\\/#\\\/schema\\\/logo\\\/image\\\/\",\"url\":\"https:\\\/\\\/drszentklaray.hu\\\/wp-content\\\/uploads\\\/2025\\\/01\\\/dr-szentklaray-ugyvedi-iroda-logo-text.png\",\"contentUrl\":\"https:\\\/\\\/drszentklaray.hu\\\/wp-content\\\/uploads\\\/2025\\\/01\\\/dr-szentklaray-ugyvedi-iroda-logo-text.png\",\"width\":766,\"height\":200,\"caption\":\"SZENTKL\u00c1RAY \u00dcGYV\u00c9DI IRODA\"},\"image\":{\"@id\":\"https:\\\/\\\/drszentklaray.hu\\\/#\\\/schema\\\/logo\\\/image\\\/\"}}]}<\/script>\n<!-- \/ Yoast SEO Premium plugin. -->","yoast_head_json":{"title":"Dr. Szentkl\u00e1ray Bence LL.M. | Szentkl\u00e1ray","description":"Dr. Szentkl\u00e1ray Bence is a specialist lawyer in compensation law; his professional interest is civil law-oriented, specifically specializing in civil liability law.","robots":{"index":"index","follow":"follow","max-snippet":"max-snippet:-1","max-image-preview":"max-image-preview:large","max-video-preview":"max-video-preview:-1"},"canonical":"https:\/\/drszentklaray.hu\/en\/dr-szentklaray-bence-ll-m\/","og_locale":"en_GB","og_type":"article","og_title":"Dr. Szentkl\u00e1ray Bence LL.M.","og_description":"Dr. Szentkl\u00e1ray Bence k\u00e1rt\u00e9r\u00edt\u00e9si szakjog\u00e1sz, szakmai \u00e9rdekl\u0151d\u00e9se polg\u00e1ri jogi be\u00e1ll\u00edtotts\u00e1g\u00fa, ezen bel\u00fcl is a polg\u00e1ri felel\u0151ss\u00e9gi jogra specializ\u00e1l\u00f3dott.","og_url":"https:\/\/drszentklaray.hu\/en\/dr-szentklaray-bence-ll-m\/","og_site_name":"SZENTKL\u00c1RAY \u00dcGYV\u00c9DI IRODA","article_modified_time":"2026-03-19T12:05:51+00:00","og_image":[{"width":1024,"height":1200,"url":"https:\/\/drszentklaray.hu\/wp-content\/uploads\/2026\/02\/dr-szentklaray-bence.jpg","type":"image\/jpeg"}],"twitter_card":"summary_large_image","twitter_misc":{"Estimated reading time":"1 minute"},"schema":{"@context":"https:\/\/schema.org","@graph":[{"@type":"WebPage","@id":"https:\/\/drszentklaray.hu\/dr-szentklaray-bence-ll-m\/","url":"https:\/\/drszentklaray.hu\/dr-szentklaray-bence-ll-m\/","name":"Dr. Szentkl\u00e1ray Bence LL.M. | Szentkl\u00e1ray","isPartOf":{"@id":"https:\/\/drszentklaray.hu\/#website"},"primaryImageOfPage":{"@id":"https:\/\/drszentklaray.hu\/dr-szentklaray-bence-ll-m\/#primaryimage"},"image":{"@id":"https:\/\/drszentklaray.hu\/dr-szentklaray-bence-ll-m\/#primaryimage"},"thumbnailUrl":"https:\/\/drszentklaray.hu\/wp-content\/uploads\/2026\/02\/dr-szentklaray-bence-874x1024.jpg","datePublished":"2025-01-20T20:31:46+00:00","dateModified":"2026-03-19T12:05:51+00:00","description":"Dr. Szentkl\u00e1ray Bence is a specialist lawyer in compensation law; his professional interest is civil law-oriented, specifically specializing in civil liability law.","breadcrumb":{"@id":"https:\/\/drszentklaray.hu\/dr-szentklaray-bence-ll-m\/#breadcrumb"},"inLanguage":"en-GB","potentialAction":[{"@type":"ReadAction","target":["https:\/\/drszentklaray.hu\/dr-szentklaray-bence-ll-m\/"]}]},{"@type":"ImageObject","inLanguage":"en-GB","@id":"https:\/\/drszentklaray.hu\/dr-szentklaray-bence-ll-m\/#primaryimage","url":"https:\/\/drszentklaray.hu\/wp-content\/uploads\/2026\/02\/dr-szentklaray-bence-874x1024.jpg","contentUrl":"https:\/\/drszentklaray.hu\/wp-content\/uploads\/2026\/02\/dr-szentklaray-bence-874x1024.jpg"},{"@type":"BreadcrumbList","@id":"https:\/\/drszentklaray.hu\/dr-szentklaray-bence-ll-m\/#breadcrumb","itemListElement":[{"@type":"ListItem","position":1,"name":"Kezd\u0151lap","item":"https:\/\/drszentklaray.hu\/"},{"@type":"ListItem","position":2,"name":"Dr. Szentkl\u00e1ray Bence LL.M."}]},{"@type":"WebSite","@id":"https:\/\/drszentklaray.hu\/#website","url":"https:\/\/drszentklaray.hu\/","name":"Szentkl\u00e1ray Law Firm","description":"","publisher":{"@id":"https:\/\/drszentklaray.hu\/#organization"},"potentialAction":[{"@type":"SearchAction","target":{"@type":"EntryPoint","urlTemplate":"https:\/\/drszentklaray.hu\/?s={search_term_string}"},"query-input":{"@type":"PropertyValueSpecification","valueRequired":true,"valueName":"search_term_string"}}],"inLanguage":"en-GB"},{"@type":"Organization","@id":"https:\/\/drszentklaray.hu\/#organization","name":"Szentkl\u00e1ray Law Firm","url":"https:\/\/drszentklaray.hu\/","logo":{"@type":"ImageObject","inLanguage":"en-GB","@id":"https:\/\/drszentklaray.hu\/#\/schema\/logo\/image\/","url":"https:\/\/drszentklaray.hu\/wp-content\/uploads\/2025\/01\/dr-szentklaray-ugyvedi-iroda-logo-text.png","contentUrl":"https:\/\/drszentklaray.hu\/wp-content\/uploads\/2025\/01\/dr-szentklaray-ugyvedi-iroda-logo-text.png","width":766,"height":200,"caption":"SZENTKL\u00c1RAY \u00dcGYV\u00c9DI IRODA"},"image":{"@id":"https:\/\/drszentklaray.hu\/#\/schema\/logo\/image\/"}}]}},"_links":{"self":[{"href":"https:\/\/drszentklaray.hu\/en\/wp-json\/wp\/v2\/pages\/290","targetHints":{"allow":["GET"]}}],"collection":[{"href":"https:\/\/drszentklaray.hu\/en\/wp-json\/wp\/v2\/pages"}],"about":[{"href":"https:\/\/drszentklaray.hu\/en\/wp-json\/wp\/v2\/types\/page"}],"author":[{"embeddable":true,"href":"https:\/\/drszentklaray.hu\/en\/wp-json\/wp\/v2\/users\/2"}],"replies":[{"embeddable":true,"href":"https:\/\/drszentklaray.hu\/en\/wp-json\/wp\/v2\/comments?post=290"}],"version-history":[{"count":26,"href":"https:\/\/drszentklaray.hu\/en\/wp-json\/wp\/v2\/pages\/290\/revisions"}],"predecessor-version":[{"id":1418,"href":"https:\/\/drszentklaray.hu\/en\/wp-json\/wp\/v2\/pages\/290\/revisions\/1418"}],"wp:attachment":[{"href":"https:\/\/drszentklaray.hu\/en\/wp-json\/wp\/v2\/media?parent=290"}],"curies":[{"name":"wp","href":"https:\/\/api.w.org\/{rel}","templated":true}]}}