{"id":1138,"date":"2026-01-12T11:32:13","date_gmt":"2026-01-12T10:32:13","guid":{"rendered":"https:\/\/drszentklaray.hu\/?page_id=1138"},"modified":"2026-02-02T11:38:52","modified_gmt":"2026-02-02T10:38:52","slug":"imprint-2","status":"publish","type":"page","link":"https:\/\/drszentklaray.hu\/en\/impresszum\/","title":{"rendered":"Imprint"},"content":{"rendered":"<div data-elementor-type=\"wp-page\" data-elementor-id=\"1138\" class=\"elementor elementor-1138\" data-elementor-post-type=\"page\">\n\t\t\t\t<div class=\"elementor-element elementor-element-1802655 e-flex e-con-boxed e-con e-parent\" data-id=\"1802655\" data-element_type=\"container\" data-e-type=\"container\" data-settings=\"{&quot;background_background&quot;:&quot;classic&quot;}\">\n\t\t\t\t\t<div class=\"e-con-inner\">\n\t\t\t\t<div class=\"elementor-element elementor-element-b2ffbd4 elementor-widget elementor-widget-heading\" data-id=\"b2ffbd4\" data-element_type=\"widget\" data-e-type=\"widget\" data-widget_type=\"heading.default\">\n\t\t\t\t<div class=\"elementor-widget-container\">\n\t\t\t\t\t<h1 class=\"elementor-heading-title elementor-size-default\">Imprint<\/h1>\t\t\t\t<\/div>\n\t\t\t\t<\/div>\n\t\t\t\t\t<\/div>\n\t\t\t\t<\/div>\n\t\t<div class=\"elementor-element elementor-element-856bbc9 e-flex e-con-boxed e-con e-parent\" data-id=\"856bbc9\" data-element_type=\"container\" data-e-type=\"container\" data-settings=\"{&quot;background_background&quot;:&quot;classic&quot;}\">\n\t\t\t\t\t<div class=\"e-con-inner\">\n\t\t<div class=\"elementor-element elementor-element-b7e59ae e-con-full e-flex e-con e-child\" data-id=\"b7e59ae\" data-element_type=\"container\" data-e-type=\"container\">\n\t\t\t\t<div class=\"elementor-element elementor-element-2824614 elementor-widget elementor-widget-text-editor\" data-id=\"2824614\" data-element_type=\"widget\" data-e-type=\"widget\" data-widget_type=\"text-editor.default\">\n\t\t\t\t<div class=\"elementor-widget-container\">\n\t\t\t\t\t\t\t\t\t<p><strong>1. Service Provider Details<\/strong><\/p><p><strong>\u2022 Name:<\/strong> Szentkl\u00e1ray Law Firm<br \/><strong>\u2022 Registered Office:<\/strong> 1054 Budapest, Bajcsy-Zsilinszky \u00fat 36-38. I\/2.<br \/><strong>\u2022 Branch Office:<\/strong> 1126 Budapest, Brassai S\u00e1muel utca 4.<\/p><p><strong>2. Contact Information<\/strong><\/p><p><strong>\u2022 Email Address:<\/strong> <a href=\"mailto:office@drszentklaray.hu\">office@drszentklaray.hu<\/a><br \/><strong>\u2022 Phone Number:<\/strong> <a href=\"tel:+3617833578\">+36 1 783 3578<\/a><\/p><p><strong>3. Official Data and Identifiers<\/strong><\/p><p><strong>\u2022 Tax Number:<\/strong> 18287905-2-41<br \/><strong>\u2022 Registration Number:<\/strong> 3889<br \/><strong>\u2022 Registering Authority:<\/strong> Budapest Bar Association<\/p><p><strong>4. Permits and Chamber Membership<\/strong><\/p><p><strong>\u2022 Chamber Membership:<\/strong> Budapest Bar Association (<a href=\"https:\/\/magyarugyvedikamara.hu\/html\/nyilvanos-kereso\/\" target=\"_blank\" rel=\"noopener\">https:\/\/magyarugyvedikamara.hu\/html\/nyilvanos-kereso\/<\/a>) <br \/><strong>\u2022 Licensing Authority:<\/strong> Budapest Bar Association<\/p><p><strong>5. Hosting Provider Details<\/strong><\/p><p><strong>\u2022 Name:<\/strong> 23VNet KFT.<br \/><strong>\u2022 Registered Office:<\/strong> 1132 Budapest, Victor Hugo 11. Alfa office building A02010<br \/><strong>\u2022 Email Address:<\/strong> info@hostit.hu<\/p><p>This website is maintained by Szentkl\u00e1ray Law Firm, registered with the Budapest Bar Association under the bar association registration number 3889, in accordance with the laws and internal regulations applicable to attorneys, which, along with information regarding client rights, can be found on the websites <a href=\"http:\/\/www.magyarugyvedikamara.hu\" target=\"_blank\" rel=\"noopener\">www.magyarugyvedikamara.hu<\/a> and <a href=\"http:\/\/www.bpugyvedikamara.hu\" target=\"_blank\" rel=\"noopener\">www.bpugyvedikamara.hu<\/a> .<\/p>\t\t\t\t\t\t\t\t<\/div>\n\t\t\t\t<\/div>\n\t\t\t\t<\/div>\n\t\t\t\t\t<\/div>\n\t\t\t\t<\/div>\n\t\t\t\t<\/div>","protected":false},"excerpt":{"rendered":"<p>Impresszum 1. A szolg\u00e1ltat\u00f3 adatai \u2022 N\u00e9v: Szentkl\u00e1ray \u00dcgyv\u00e9di Iroda\u2022 Sz\u00e9khely: 1054 Budapest, Bajcsy-Zsilinszky \u00fat 36-38. I\/2.\u2022 Aliroda: 1126 Budapest, Brassai S\u00e1muel utca 4. 2. El\u00e9rhet\u0151s\u00e9gek \u2022 E-mail c\u00edm: office@drszentklaray.hu\u2022 Telefonsz\u00e1m: +36 1 783 3578 3. Hat\u00f3s\u00e1gi adatok \u00e9s azonos\u00edt\u00f3k \u2022 Ad\u00f3sz\u00e1m: 18287905-2-41\u2022 C\u00e9gjegyz\u00e9ksz\u00e1m \/ Nyilv\u00e1ntart\u00e1si sz\u00e1m: 3889\u2022 Bejegyz\u0151 b\u00edr\u00f3s\u00e1g \/ hat\u00f3s\u00e1g: Budapesti \u00dcgyv\u00e9di Kamara [&hellip;]<\/p>\n","protected":false},"author":4,"featured_media":615,"parent":0,"menu_order":0,"comment_status":"closed","ping_status":"closed","template":"","meta":{"footnotes":""},"class_list":["post-1138","page","type-page","status-publish","has-post-thumbnail","hentry"],"yoast_head":"<!-- This site is optimized with the Yoast SEO Premium plugin v27.4 (Yoast SEO v27.4) - https:\/\/yoast.com\/product\/yoast-seo-premium-wordpress\/ -->\n<title>Impresszum - SZENTKL\u00c1RAY \u00dcGYV\u00c9DI IRODA<\/title>\n<meta name=\"robots\" content=\"noindex, nofollow\" \/>\n<meta property=\"og:locale\" content=\"en_GB\" \/>\n<meta property=\"og:type\" content=\"article\" \/>\n<meta property=\"og:title\" content=\"Impresszum\" \/>\n<meta property=\"og:description\" content=\"Impresszum 1. A szolg\u00e1ltat\u00f3 adatai \u2022 N\u00e9v: Szentkl\u00e1ray \u00dcgyv\u00e9di Iroda\u2022 Sz\u00e9khely: 1054 Budapest, Bajcsy-Zsilinszky \u00fat 36-38. I\/2.\u2022 Aliroda: 1126 Budapest, Brassai S\u00e1muel utca 4. 2. El\u00e9rhet\u0151s\u00e9gek \u2022 E-mail c\u00edm: office@drszentklaray.hu\u2022 Telefonsz\u00e1m: +36 1 783 3578 3. Hat\u00f3s\u00e1gi adatok \u00e9s azonos\u00edt\u00f3k \u2022 Ad\u00f3sz\u00e1m: 18287905-2-41\u2022 C\u00e9gjegyz\u00e9ksz\u00e1m \/ Nyilv\u00e1ntart\u00e1si sz\u00e1m: 3889\u2022 Bejegyz\u0151 b\u00edr\u00f3s\u00e1g \/ hat\u00f3s\u00e1g: Budapesti \u00dcgyv\u00e9di Kamara [&hellip;]\" \/>\n<meta property=\"og:url\" content=\"https:\/\/drszentklaray.hu\/en\/imprint-2\/\" \/>\n<meta property=\"og:site_name\" content=\"SZENTKL\u00c1RAY \u00dcGYV\u00c9DI IRODA\" \/>\n<meta property=\"article:modified_time\" content=\"2026-02-02T10:38:52+00:00\" \/>\n<meta property=\"og:image\" content=\"https:\/\/drszentklaray.hu\/wp-content\/uploads\/2025\/11\/szentklaray-ugyvedi-iroda-6.webp\" \/>\n\t<meta property=\"og:image:width\" content=\"1200\" \/>\n\t<meta property=\"og:image:height\" content=\"630\" \/>\n\t<meta property=\"og:image:type\" content=\"image\/webp\" \/>\n<meta name=\"twitter:card\" content=\"summary_large_image\" \/>\n<meta name=\"twitter:label1\" content=\"Estimated reading time\" \/>\n\t<meta name=\"twitter:data1\" content=\"1 minute\" \/>\n<script type=\"application\/ld+json\" class=\"yoast-schema-graph\">{\"@context\":\"https:\\\/\\\/schema.org\",\"@graph\":[{\"@type\":\"WebPage\",\"@id\":\"https:\\\/\\\/drszentklaray.hu\\\/impresszum\\\/\",\"url\":\"https:\\\/\\\/drszentklaray.hu\\\/impresszum\\\/\",\"name\":\"Impresszum - SZENTKL\u00c1RAY \u00dcGYV\u00c9DI IRODA\",\"isPartOf\":{\"@id\":\"https:\\\/\\\/drszentklaray.hu\\\/#website\"},\"primaryImageOfPage\":{\"@id\":\"https:\\\/\\\/drszentklaray.hu\\\/impresszum\\\/#primaryimage\"},\"image\":{\"@id\":\"https:\\\/\\\/drszentklaray.hu\\\/impresszum\\\/#primaryimage\"},\"thumbnailUrl\":\"https:\\\/\\\/drszentklaray.hu\\\/wp-content\\\/uploads\\\/2025\\\/11\\\/szentklaray-ugyvedi-iroda-6.webp\",\"datePublished\":\"2026-01-12T10:32:13+00:00\",\"dateModified\":\"2026-02-02T10:38:52+00:00\",\"breadcrumb\":{\"@id\":\"https:\\\/\\\/drszentklaray.hu\\\/impresszum\\\/#breadcrumb\"},\"inLanguage\":\"en-GB\",\"potentialAction\":[{\"@type\":\"ReadAction\",\"target\":[\"https:\\\/\\\/drszentklaray.hu\\\/impresszum\\\/\"]}]},{\"@type\":\"ImageObject\",\"inLanguage\":\"en-GB\",\"@id\":\"https:\\\/\\\/drszentklaray.hu\\\/impresszum\\\/#primaryimage\",\"url\":\"https:\\\/\\\/drszentklaray.hu\\\/wp-content\\\/uploads\\\/2025\\\/11\\\/szentklaray-ugyvedi-iroda-6.webp\",\"contentUrl\":\"https:\\\/\\\/drszentklaray.hu\\\/wp-content\\\/uploads\\\/2025\\\/11\\\/szentklaray-ugyvedi-iroda-6.webp\",\"width\":1200,\"height\":630,\"caption\":\"Szentkl\u00e1ray \u00dcgyv\u00e9di Iroda\"},{\"@type\":\"BreadcrumbList\",\"@id\":\"https:\\\/\\\/drszentklaray.hu\\\/impresszum\\\/#breadcrumb\",\"itemListElement\":[{\"@type\":\"ListItem\",\"position\":1,\"name\":\"Kezd\u0151lap\",\"item\":\"https:\\\/\\\/drszentklaray.hu\\\/\"},{\"@type\":\"ListItem\",\"position\":2,\"name\":\"Impresszum\"}]},{\"@type\":\"WebSite\",\"@id\":\"https:\\\/\\\/drszentklaray.hu\\\/#website\",\"url\":\"https:\\\/\\\/drszentklaray.hu\\\/\",\"name\":\"SZENTKL\u00c1RAY \u00dcGYV\u00c9DI IRODA\",\"description\":\"\",\"publisher\":{\"@id\":\"https:\\\/\\\/drszentklaray.hu\\\/#organization\"},\"potentialAction\":[{\"@type\":\"SearchAction\",\"target\":{\"@type\":\"EntryPoint\",\"urlTemplate\":\"https:\\\/\\\/drszentklaray.hu\\\/?s={search_term_string}\"},\"query-input\":{\"@type\":\"PropertyValueSpecification\",\"valueRequired\":true,\"valueName\":\"search_term_string\"}}],\"inLanguage\":\"en-GB\"},{\"@type\":\"Organization\",\"@id\":\"https:\\\/\\\/drszentklaray.hu\\\/#organization\",\"name\":\"SZENTKL\u00c1RAY \u00dcGYV\u00c9DI IRODA\",\"url\":\"https:\\\/\\\/drszentklaray.hu\\\/\",\"logo\":{\"@type\":\"ImageObject\",\"inLanguage\":\"en-GB\",\"@id\":\"https:\\\/\\\/drszentklaray.hu\\\/#\\\/schema\\\/logo\\\/image\\\/\",\"url\":\"https:\\\/\\\/drszentklaray.hu\\\/wp-content\\\/uploads\\\/2025\\\/01\\\/dr-szentklaray-ugyvedi-iroda-logo-text.png\",\"contentUrl\":\"https:\\\/\\\/drszentklaray.hu\\\/wp-content\\\/uploads\\\/2025\\\/01\\\/dr-szentklaray-ugyvedi-iroda-logo-text.png\",\"width\":766,\"height\":200,\"caption\":\"SZENTKL\u00c1RAY \u00dcGYV\u00c9DI IRODA\"},\"image\":{\"@id\":\"https:\\\/\\\/drszentklaray.hu\\\/#\\\/schema\\\/logo\\\/image\\\/\"}}]}<\/script>\n<!-- \/ Yoast SEO Premium plugin. -->","yoast_head_json":{"title":"Impresszum - SZENTKL\u00c1RAY \u00dcGYV\u00c9DI IRODA","robots":{"index":"noindex","follow":"nofollow"},"og_locale":"en_GB","og_type":"article","og_title":"Impresszum","og_description":"Impresszum 1. A szolg\u00e1ltat\u00f3 adatai \u2022 N\u00e9v: Szentkl\u00e1ray \u00dcgyv\u00e9di Iroda\u2022 Sz\u00e9khely: 1054 Budapest, Bajcsy-Zsilinszky \u00fat 36-38. I\/2.\u2022 Aliroda: 1126 Budapest, Brassai S\u00e1muel utca 4. 2. El\u00e9rhet\u0151s\u00e9gek \u2022 E-mail c\u00edm: office@drszentklaray.hu\u2022 Telefonsz\u00e1m: +36 1 783 3578 3. Hat\u00f3s\u00e1gi adatok \u00e9s azonos\u00edt\u00f3k \u2022 Ad\u00f3sz\u00e1m: 18287905-2-41\u2022 C\u00e9gjegyz\u00e9ksz\u00e1m \/ Nyilv\u00e1ntart\u00e1si sz\u00e1m: 3889\u2022 Bejegyz\u0151 b\u00edr\u00f3s\u00e1g \/ hat\u00f3s\u00e1g: Budapesti \u00dcgyv\u00e9di Kamara [&hellip;]","og_url":"https:\/\/drszentklaray.hu\/en\/imprint-2\/","og_site_name":"SZENTKL\u00c1RAY \u00dcGYV\u00c9DI IRODA","article_modified_time":"2026-02-02T10:38:52+00:00","og_image":[{"width":1200,"height":630,"url":"https:\/\/drszentklaray.hu\/wp-content\/uploads\/2025\/11\/szentklaray-ugyvedi-iroda-6.webp","type":"image\/webp"}],"twitter_card":"summary_large_image","twitter_misc":{"Estimated reading time":"1 minute"},"schema":{"@context":"https:\/\/schema.org","@graph":[{"@type":"WebPage","@id":"https:\/\/drszentklaray.hu\/impresszum\/","url":"https:\/\/drszentklaray.hu\/impresszum\/","name":"Impresszum - SZENTKL\u00c1RAY \u00dcGYV\u00c9DI IRODA","isPartOf":{"@id":"https:\/\/drszentklaray.hu\/#website"},"primaryImageOfPage":{"@id":"https:\/\/drszentklaray.hu\/impresszum\/#primaryimage"},"image":{"@id":"https:\/\/drszentklaray.hu\/impresszum\/#primaryimage"},"thumbnailUrl":"https:\/\/drszentklaray.hu\/wp-content\/uploads\/2025\/11\/szentklaray-ugyvedi-iroda-6.webp","datePublished":"2026-01-12T10:32:13+00:00","dateModified":"2026-02-02T10:38:52+00:00","breadcrumb":{"@id":"https:\/\/drszentklaray.hu\/impresszum\/#breadcrumb"},"inLanguage":"en-GB","potentialAction":[{"@type":"ReadAction","target":["https:\/\/drszentklaray.hu\/impresszum\/"]}]},{"@type":"ImageObject","inLanguage":"en-GB","@id":"https:\/\/drszentklaray.hu\/impresszum\/#primaryimage","url":"https:\/\/drszentklaray.hu\/wp-content\/uploads\/2025\/11\/szentklaray-ugyvedi-iroda-6.webp","contentUrl":"https:\/\/drszentklaray.hu\/wp-content\/uploads\/2025\/11\/szentklaray-ugyvedi-iroda-6.webp","width":1200,"height":630,"caption":"Szentkl\u00e1ray \u00dcgyv\u00e9di Iroda"},{"@type":"BreadcrumbList","@id":"https:\/\/drszentklaray.hu\/impresszum\/#breadcrumb","itemListElement":[{"@type":"ListItem","position":1,"name":"Kezd\u0151lap","item":"https:\/\/drszentklaray.hu\/"},{"@type":"ListItem","position":2,"name":"Impresszum"}]},{"@type":"WebSite","@id":"https:\/\/drszentklaray.hu\/#website","url":"https:\/\/drszentklaray.hu\/","name":"Szentkl\u00e1ray Law Firm","description":"","publisher":{"@id":"https:\/\/drszentklaray.hu\/#organization"},"potentialAction":[{"@type":"SearchAction","target":{"@type":"EntryPoint","urlTemplate":"https:\/\/drszentklaray.hu\/?s={search_term_string}"},"query-input":{"@type":"PropertyValueSpecification","valueRequired":true,"valueName":"search_term_string"}}],"inLanguage":"en-GB"},{"@type":"Organization","@id":"https:\/\/drszentklaray.hu\/#organization","name":"Szentkl\u00e1ray Law Firm","url":"https:\/\/drszentklaray.hu\/","logo":{"@type":"ImageObject","inLanguage":"en-GB","@id":"https:\/\/drszentklaray.hu\/#\/schema\/logo\/image\/","url":"https:\/\/drszentklaray.hu\/wp-content\/uploads\/2025\/01\/dr-szentklaray-ugyvedi-iroda-logo-text.png","contentUrl":"https:\/\/drszentklaray.hu\/wp-content\/uploads\/2025\/01\/dr-szentklaray-ugyvedi-iroda-logo-text.png","width":766,"height":200,"caption":"SZENTKL\u00c1RAY \u00dcGYV\u00c9DI IRODA"},"image":{"@id":"https:\/\/drszentklaray.hu\/#\/schema\/logo\/image\/"}}]}},"_links":{"self":[{"href":"https:\/\/drszentklaray.hu\/en\/wp-json\/wp\/v2\/pages\/1138","targetHints":{"allow":["GET"]}}],"collection":[{"href":"https:\/\/drszentklaray.hu\/en\/wp-json\/wp\/v2\/pages"}],"about":[{"href":"https:\/\/drszentklaray.hu\/en\/wp-json\/wp\/v2\/types\/page"}],"author":[{"embeddable":true,"href":"https:\/\/drszentklaray.hu\/en\/wp-json\/wp\/v2\/users\/4"}],"replies":[{"embeddable":true,"href":"https:\/\/drszentklaray.hu\/en\/wp-json\/wp\/v2\/comments?post=1138"}],"version-history":[{"count":16,"href":"https:\/\/drszentklaray.hu\/en\/wp-json\/wp\/v2\/pages\/1138\/revisions"}],"predecessor-version":[{"id":1180,"href":"https:\/\/drszentklaray.hu\/en\/wp-json\/wp\/v2\/pages\/1138\/revisions\/1180"}],"wp:featuredmedia":[{"embeddable":true,"href":"https:\/\/drszentklaray.hu\/en\/wp-json\/wp\/v2\/media\/615"}],"wp:attachment":[{"href":"https:\/\/drszentklaray.hu\/en\/wp-json\/wp\/v2\/media?parent=1138"}],"curies":[{"name":"wp","href":"https:\/\/api.w.org\/{rel}","templated":true}]}}